{"id":17421,"date":"2018-01-31T09:51:16","date_gmt":"2018-01-31T09:51:16","guid":{"rendered":"http:\/\/naturapack.net\/download\/"},"modified":"2023-03-16T06:54:52","modified_gmt":"2023-03-16T06:54:52","slug":"download","status":"publish","type":"page","link":"https:\/\/naturapack.net\/de\/download\/","title":{"rendered":"Download"},"content":{"rendered":"<p>[vc_row][vc_column width=&#8220;1\/1&#8243;]<h1 class=\"headline font-inherit fontsize-xxxxl fontweight-300 lh-inherit align-center transform-inherit \" style=\"margin: 0 0 20px 0; color: #ffa02f;\">DOWNLOAD KATALOGE <\/h1><div class=\"spacer\" style=\"height: 40px;\"><\/div>[vc_column_text]<\/p>\n<ul>\n<li>\n<h2><a href=\"http:\/\/naturapack.net\/wp-content\/uploads\/2018\/01\/catalogo_bandeja_fruta_italiano_ok.pdf\" target=\"_blank\" rel=\"noopener\">KATALOG ALVEOLEN F\u00dcR OBST<\/a><\/h2>\n<\/li>\n<\/ul>\n<ul>\n<li>\n<h2><a href=\"http:\/\/naturapack.net\/wp-content\/uploads\/2018\/01\/catalogo_generale.pdf\" target=\"_blank\" rel=\"noopener\">ALLGEMEINER KATALOG F\u00dcR OBST UND GEM\u00dcSE<\/a><\/h2>\n<\/li>\n<\/ul>\n<ul>\n<li>\n<h2><a href=\"http:\/\/naturapack.net\/wp-content\/uploads\/2018\/01\/catalogo_bassa.pdf\" target=\"_blank\" rel=\"noopener\">GREEN PACK KATALOG<\/a><\/h2>\n<\/li>\n<\/ul>\n<p>[\/vc_column_text]<div class=\"spacer\" style=\"height: 40px;\"><\/div>[\/vc_column][\/vc_row][vc_row][vc_column width=&#8220;1\/1&#8243;]<h1 class=\"headline font-inherit fontsize-xxxxl fontweight-300 lh-inherit align-center transform-inherit \" style=\"margin: 0 0 20px 0; color: #ffa02f;\">DOWNLOAD ZERTIFIKATE<\/h1><div class=\"spacer\" style=\"height: 40px;\"><\/div>[vc_column_text]<\/p>\n<ul>\n<li>\n<h2>Coming Soon<\/h2>\n<\/li>\n<\/ul>\n<p>[\/vc_column_text]<div class=\"spacer\" style=\"height: 40px;\"><\/div>[\/vc_column][\/vc_row][vc_row][vc_column width=&#8220;1\/1&#8243;]<h1 class=\"headline font-inherit fontsize-xxxxl fontweight-300 lh-inherit align-center transform-inherit \" style=\"margin: 0 0 20px 0; color: #ffa02f;\">DOWNLOAD DATENSCHUTZBESTIMMUNGEN<\/h1><div class=\"spacer\" style=\"height: 40px;\"><\/div>[vc_column_text]<\/p>\n<ul>\n<li>\n<h2><a href=\"https:\/\/naturapack.net\/wp-content\/uploads\/2019\/03\/2.1-DE-IT.pdf\" target=\"_blank\" rel=\"noopener\">DATENSCHUTZBESTIMMUNGEN<\/a><\/h2>\n<\/li>\n<\/ul>\n<p>[\/vc_column_text]<div class=\"spacer\" style=\"height: 40px;\"><\/div>[\/vc_column][\/vc_row]<\/p>\n","protected":false},"excerpt":{"rendered":"<p>[vc_row][vc_column width=&#8220;1\/1&#8243;][vc_column_text] KATALOG ALVEOLEN F\u00dcR OBST ALLGEMEINER KATALOG F\u00dcR OBST UND GEM\u00dcSE GREEN PACK KATALOG [\/vc_column_text][\/vc_column][\/vc_row][vc_row][vc_column width=&#8220;1\/1&#8243;][vc_column_text] Coming Soon [\/vc_column_text][\/vc_column][\/vc_row][vc_row][vc_column width=&#8220;1\/1&#8243;][vc_column_text] DATENSCHUTZBESTIMMUNGEN [\/vc_column_text][\/vc_column][\/vc_row]<\/p>\n","protected":false},"author":1,"featured_media":0,"parent":0,"menu_order":0,"comment_status":"closed","ping_status":"closed","template":"","meta":{"_bbp_topic_count":0,"_bbp_reply_count":0,"_bbp_total_topic_count":0,"_bbp_total_reply_count":0,"_bbp_voice_count":0,"_bbp_anonymous_reply_count":0,"_bbp_topic_count_hidden":0,"_bbp_reply_count_hidden":0,"_bbp_forum_subforum_count":0,"footnotes":""},"_links":{"self":[{"href":"https:\/\/naturapack.net\/de\/wp-json\/wp\/v2\/pages\/17421"}],"collection":[{"href":"https:\/\/naturapack.net\/de\/wp-json\/wp\/v2\/pages"}],"about":[{"href":"https:\/\/naturapack.net\/de\/wp-json\/wp\/v2\/types\/page"}],"author":[{"embeddable":true,"href":"https:\/\/naturapack.net\/de\/wp-json\/wp\/v2\/users\/1"}],"replies":[{"embeddable":true,"href":"https:\/\/naturapack.net\/de\/wp-json\/wp\/v2\/comments?post=17421"}],"version-history":[{"count":1,"href":"https:\/\/naturapack.net\/de\/wp-json\/wp\/v2\/pages\/17421\/revisions"}],"predecessor-version":[{"id":18560,"href":"https:\/\/naturapack.net\/de\/wp-json\/wp\/v2\/pages\/17421\/revisions\/18560"}],"wp:attachment":[{"href":"https:\/\/naturapack.net\/de\/wp-json\/wp\/v2\/media?parent=17421"}],"curies":[{"name":"wp","href":"https:\/\/api.w.org\/{rel}","templated":true}]}}