{"id":17422,"date":"2013-01-06T12:43:15","date_gmt":"2013-01-06T12:43:15","guid":{"rendered":"http:\/\/naturapack.net\/home\/"},"modified":"2018-12-12T12:47:02","modified_gmt":"2018-12-12T12:47:02","slug":"home","status":"publish","type":"page","link":"https:\/\/naturapack.net\/de\/","title":{"rendered":"Home"},"content":{"rendered":"<p>[vc_row type=&#8220;full_width_section&#8220; bg_position=&#8220;left top&#8220;][vc_column width=&#8220;1\/1&#8243;][rev_slider_vc alias=&#8220;home-slider-de&#8220;][\/vc_column][\/vc_row][vc_row top_padding=&#8220;50&#8243; bg_position=&#8220;left top&#8220;][vc_column width=&#8220;1\/1&#8243;]<h1 class=\"headline font-inherit fontsize-xxxxxl fontweight-300 lh-inherit align-center transform-inherit \" style=\"margin: 0 0 20px 0; color: #0daf2b;\">Naturapack, das Beste f\u00fcr Ihr Produkt.<\/h1><div class=\"headline font-inherit fontsize-m fontweight-400 lh-inherit align-center transform-inherit \" style=\"margin: 0; color: #999999;\">Im Laufe der Jahre haben wir nicht nur viel Erfahrung gesammelt, sondern auch eine breite Produktpalette entwickelt, um das Angebot f\u00fcr unsere Kunden zu vervielf\u00e4ltigen und weiter zu verfeinern.<\/p>\n<p>Auch in Zukunft wollen wir diesen Weg fortsetzen und alle Ihre W\u00fcnsche und Bed\u00fcrfnisse erf\u00fcllen. Vor allem aber wollen wir Ihnen weiterhin L\u00f6sungen zum besten Preis-Leistungs-Verh\u00e4ltnis anbieten.<br \/>\n<\/div><div class=\"divider divider1\" style='margin:60px 0 60px 0 !important;'><\/div>[\/vc_column][\/vc_row][vc_row][vc_column width=&#8220;1\/1&#8243;]<h1 class=\"headline font-inherit fontsize-xxxxxl fontweight-300 lh-inherit align-center transform-inherit \" style=\"margin: 0 0 20px 0; color: #f99d0c;\">Unsere Leistungen<\/h1>[\/vc_column][\/vc_row][vc_row bg_image=&#8220;17203&#8243; section_arrow=&#8220;false&#8220; text_color=&#8220;light&#8220; top_padding=&#8220;120&#8243; bottom_padding=&#8220;120&#8243; bg_position=&#8220;left top&#8220;][vc_column width=&#8220;1\/2&#8243;]<div class=\"single_image wpb_content_element align-left    \" data-animation=\"none\" data-delay=\"0\"><img loading=\"lazy\" decoding=\"async\" width=\"2004\" height=\"1208\" src=\"https:\/\/naturapack.net\/wp-content\/uploads\/2016\/02\/icone-materiali-dolomitopack-08.png\" class=\"attachment-full\" alt=\"\" srcset=\"https:\/\/naturapack.net\/wp-content\/uploads\/2016\/02\/icone-materiali-dolomitopack-08.png 2004w, https:\/\/naturapack.net\/wp-content\/uploads\/2016\/02\/icone-materiali-dolomitopack-08-300x181.png 300w, https:\/\/naturapack.net\/wp-content\/uploads\/2016\/02\/icone-materiali-dolomitopack-08-768x463.png 768w, https:\/\/naturapack.net\/wp-content\/uploads\/2016\/02\/icone-materiali-dolomitopack-08-1024x617.png 1024w\" sizes=\"(max-width: 2004px) 100vw, 2004px\" \/><\/div><div class=\"box clearfix style-6 wpb_content_element align-center \" style=\"padding: 20px 20px 10px 20px; \">\n<h5><a href=\"https:\/\/naturapack.net\/servizi\/\">LEISTUNGEN<\/a><\/h5>\n<\/div>[\/vc_column][vc_column width=&#8220;1\/2&#8243;]<div class=\"single_image wpb_content_element align-left    \" data-animation=\"none\" data-delay=\"0\"><img loading=\"lazy\" decoding=\"async\" width=\"2004\" height=\"1208\" src=\"https:\/\/naturapack.net\/wp-content\/uploads\/2016\/02\/icone-materiali-dolomitopack-09.png\" class=\"attachment-full\" alt=\"\" srcset=\"https:\/\/naturapack.net\/wp-content\/uploads\/2016\/02\/icone-materiali-dolomitopack-09.png 2004w, https:\/\/naturapack.net\/wp-content\/uploads\/2016\/02\/icone-materiali-dolomitopack-09-300x181.png 300w, https:\/\/naturapack.net\/wp-content\/uploads\/2016\/02\/icone-materiali-dolomitopack-09-768x463.png 768w, https:\/\/naturapack.net\/wp-content\/uploads\/2016\/02\/icone-materiali-dolomitopack-09-1024x617.png 1024w\" sizes=\"(max-width: 2004px) 100vw, 2004px\" \/><\/div><div class=\"box clearfix style-5 wpb_content_element align-center \" style=\"padding: 20px 20px 10px 20px; \">\n<h5><a href=\"https:\/\/naturapack.net\/progetti-grafici\/\">GRAFIK-PROJEKTE<\/a><\/h5>\n<\/div>[\/vc_column][\/vc_row][vc_row top_padding=&#8220;50&#8243; bottom_padding=&#8220;50&#8243;][vc_column width=&#8220;1\/1&#8243;]<h1 class=\"headline font-inherit fontsize-xxxxxl fontweight-300 lh-inherit align-center transform-inherit \" style=\"margin: 0 0 20px 0; color: #fc9e00;\">Unsere Produkte<\/h1>[\/vc_column][\/vc_row][vc_row text_align=&#8220;center&#8220; bottom_padding=&#8220;50&#8243;][vc_column text_align=&#8220;center&#8220; width=&#8220;1\/6&#8243;]<div onclick=\"location.href='http:\/\/naturapack.net\/prodotti-packaging-design\/imballaggi-per-mele\/';\" style=\"cursor:pointer;\"><div class=\"iconbox  wpb_content_element iconbox-style-1 icon-color-accent color-dark animation-none\"><h3><img src='https:\/\/naturapack.net\/wp-content\/uploads\/2018\/01\/Naturapack-icone_Tavola-disegno-1.png' class='iconimg' alt='' \/><span><\/span><\/h3><p>\n<h5 style=\"text-align: center;\"><span style=\"color: #999999;\">VERPACKUNGEN F\u00dcR \u00c4PFEL<\/span><\/h5>\n<\/p><\/div><\/div>[\/vc_column][vc_column text_align=&#8220;center&#8220; width=&#8220;1\/6&#8243;]<div onclick=\"location.href='http:\/\/naturapack.net\/prodotti-packaging-design\/imballaggi-per-frutta\/';\" style=\"cursor:pointer;\"><div class=\"iconbox  wpb_content_element iconbox-style-1 icon-color-accent color-dark animation-none\"><h3><img src='https:\/\/naturapack.net\/wp-content\/uploads\/2018\/01\/Naturapack-icone-02.png' class='iconimg' alt='' \/><span><\/span><\/h3><p>\n<h5 style=\"text-align: center;\"><span style=\"color: #999999;\">\u00a0VERPACKUNGEN F\u00dcR FR\u00dcCHTE<\/span><\/h5>\n<\/p><\/div><\/div>[\/vc_column][vc_column width=&#8220;1\/6&#8243;]<div onclick=\"location.href='http:\/\/naturapack.net\/prodotti-packaging-design\/imballaggi-per-uova\/';\" style=\"cursor:pointer;\"><div class=\"iconbox  wpb_content_element iconbox-style-1 icon-color-accent color-dark animation-none\"><h3><img src='https:\/\/naturapack.net\/wp-content\/uploads\/2018\/01\/Naturapack-icone-03.png' class='iconimg' alt='' \/><span><\/span><\/h3><p>\n<h5 style=\"text-align: center;\"><span style=\"color: #999999;\">\u00a0VERPACKUNGEN F\u00dcR EIER<\/span><\/h5>\n<\/p><\/div><\/div>[\/vc_column][vc_column text_align=&#8220;center&#8220; width=&#8220;1\/6&#8243;]<div onclick=\"location.href='http:\/\/naturapack.net\/prodotti-packaging-design\/imballaggi-altri-alimenti\/';\" style=\"cursor:pointer;\"><div class=\"iconbox  wpb_content_element iconbox-style-1 icon-color-accent color-dark animation-none\"><h3><img src='https:\/\/naturapack.net\/wp-content\/uploads\/2018\/01\/Naturapack-icone-05.png' class='iconimg' alt='' \/><span><\/span><\/h3><p>\n<h5 style=\"text-align: center;\"><span style=\"color: #999999;\"> VERPACKUNGEN F\u00dcR ANDERE LEBENSMITTEL<\/span><\/h5>\n<\/p><\/div><\/div>[\/vc_column][vc_column text_align=&#8220;center&#8220; width=&#8220;1\/6&#8243;]<div onclick=\"location.href='http:\/\/naturapack.net\/prodotti-packaging-design\/imballaggi-per-vino\/';\" style=\"cursor:pointer;\"><div class=\"iconbox  wpb_content_element iconbox-style-1 icon-color-accent color-dark animation-none\"><h3><img src='https:\/\/naturapack.net\/wp-content\/uploads\/2018\/01\/Naturapack-icone-04.png' class='iconimg' alt='' \/><span><\/span><\/h3><p>\n<h5 style=\"text-align: center;\"><span style=\"color: #999999;\"> VERPACKUNGEN F\u00dcR WEIN<\/span><\/h5>\n<\/p><\/div><\/div>[\/vc_column][vc_column text_align=&#8220;center&#8220; width=&#8220;1\/6&#8243;]<div onclick=\"location.href='http:\/\/naturapack.net\/prodotti\/imballaggi-per-gastronomia\/';\" style=\"cursor:pointer;\"><div class=\"iconbox  wpb_content_element iconbox-style-1 icon-color-accent color-dark animation-none\"><h3><img src='https:\/\/naturapack.net\/wp-content\/uploads\/2018\/01\/Naturapack-icone-06.png' class='iconimg' alt='' \/><span><\/span><\/h3><p>\n<h5 style=\"text-align: center;\"><span style=\"color: #999999;\">\u00a0VERPACKUNGEN F\u00dcR GASTRONOMIE<\/span><\/h5>\n<\/p><\/div><\/div>[\/vc_column][\/vc_row][vc_row bg_color=&#8220;#ffa02f&#8220; top_padding=&#8220;50&#8243; bottom_padding=&#8220;50&#8243; bg_position=&#8220;left top&#8220;][vc_column width=&#8220;1\/2&#8243;]<div class=\"headline font-inherit fontsize-m fontweight-400 lh-inherit align-left transform-inherit \" style=\"margin: 0 0 20px 0; color: #ffffff;\">Wir verfolgen \u00f6kologische Ziele \u00f6konomisch.<\/p>\n<p>Naturapack ist sich seiner Verantwortung gegen\u00fcber der Natur bewusst und hat es geschafft, seine Prinzipien und Ziele vollst\u00e4ndig in das Unternehmenskonzept zu integrieren.<\/p>\n<p>Zahlreiche Umweltma\u00dfnahmen wurden bereits ergriffen, aber wir arbeiten an weiteren Projekten und engagieren uns t\u00e4glich f\u00fcr die Entwicklung umweltfreundlicher Verpackungsmaterialien.<\/div><a href=\"http:\/\/naturapack.net\/de\/kontakt\/\" target=\"_self\" class=\"button color-1 small \" style=\"border-radius: 2px;\">KONTAKTIEREN SIE UNS<\/a>[\/vc_column][vc_column width=&#8220;1\/2&#8243;]<div class=\"single_image wpb_content_element align-right    \" data-animation=\"none\" data-delay=\"0\"><img loading=\"lazy\" decoding=\"async\" width=\"510\" height=\"317\" src=\"https:\/\/naturapack.net\/wp-content\/uploads\/2013\/01\/pack-03.png\" class=\"attachment-full\" alt=\"\" srcset=\"https:\/\/naturapack.net\/wp-content\/uploads\/2013\/01\/pack-03.png 510w, https:\/\/naturapack.net\/wp-content\/uploads\/2013\/01\/pack-03-300x186.png 300w\" sizes=\"(max-width: 510px) 100vw, 510px\" \/><\/div>[\/vc_column][\/vc_row][vc_row bg_color=&#8220;#fafafa&#8220; top_padding=&#8220;80&#8243; bottom_padding=&#8220;40&#8243; bg_position=&#8220;left top&#8220;][vc_column width=&#8220;1\/1&#8243;]<div class=\"latest-blog style-white\"\"><div class=\"blog-carousel\"><div class=\"blog-item\"><a href=\"https:\/\/naturapack.net\/de\/neue-website-online\/\" title=\"Neue Website Online\" class=\"blog-pic\"><img decoding=\"async\" src=\"https:\/\/naturapack.net\/wp-content\/uploads\/2018\/01\/naturapack_20100423_1531811437-1-600x400.jpg\" alt=\"Neue Website Online\" \/><span class=\"blog-overlay\"><\/span><i class=\"fa fa-align-left\"><\/i><\/a><div class=\"blog-item-description\">\n\t\t\t\t\t\t\t<h4><a href=\"https:\/\/naturapack.net\/de\/neue-website-online\/\" title=\"Neue Website Online\">Neue Website Online<\/a><\/h4>\n\t\t\t\t\t  \t\t<div>Unsere neue Website ist jetzt online!<\/div>\n\t\t\t\t\t  \t\t<span>Februar 2, 2018<\/span>\n\t\t\t\t  \t\t<\/div><\/div><div class=\"blog-item\"><div class=\"blog-item-description\">\n\t\t\t\t\t\t\t<h4><a href=\"https:\/\/naturapack.net\/de\/realisierung-der-verpackung\/\" title=\"Realisierung der Verpackung\">Realisierung der Verpackung<\/a><\/h4>\n\t\t\t\t\t  \t\t<div>Jetzt ist es eine Tatsache, dass die Menschen immer mehr Produkte kaufen, die ein attraktives oder \u00fcberzeugendes Image haben (immer... <a class=\"read-more-link\" href=\"https:\/\/naturapack.net\/de\/realisierung-der-verpackung\/\">read more  &rarr;<\/a><\/div>\n\t\t\t\t\t  \t\t<span>Februar 17, 2016<\/span>\n\t\t\t\t  \t\t<\/div><\/div><div class=\"blog-item\"><a href=\"https:\/\/naturapack.net\/de\/verantwortungsbewusstes-verpacken\/\" title=\"Verantwortungsbewusstes Verpacken\" class=\"blog-pic\"><img decoding=\"async\" src=\"https:\/\/naturapack.net\/wp-content\/uploads\/2016\/02\/dolomitipack-il-packaging-sostenibile-600x365.png\" alt=\"Verantwortungsbewusstes Verpacken\" \/><span class=\"blog-overlay\"><\/span><i class=\"fa fa-align-left\"><\/i><\/a><div class=\"blog-item-description\">\n\t\t\t\t\t\t\t<h4><a href=\"https:\/\/naturapack.net\/de\/verantwortungsbewusstes-verpacken\/\" title=\"Verantwortungsbewusstes Verpacken\">Verantwortungsbewusstes Verpacken<\/a><\/h4>\n\t\t\t\t\t  \t\t<div>Wie jeder wei\u00df, ist die Verpackung eine der Hauptursachen f\u00fcr die Umweltverschmutzung. Es wird immer mehr produziert und immer mehr... <a class=\"read-more-link\" href=\"https:\/\/naturapack.net\/de\/verantwortungsbewusstes-verpacken\/\">read more  &rarr;<\/a><\/div>\n\t\t\t\t\t  \t\t<span>Februar 17, 2016<\/span>\n\t\t\t\t  \t\t<\/div><\/div><\/div><\/div><div class=\"clear\"><\/div>[\/vc_column][\/vc_row]<\/p>\n","protected":false},"excerpt":{"rendered":"<p>[vc_row type=&#8220;full_width_section&#8220; bg_position=&#8220;left top&#8220;][vc_column width=&#8220;1\/1&#8243;][rev_slider_vc alias=&#8220;home-slider-de&#8220;][\/vc_column][\/vc_row][vc_row top_padding=&#8220;50&#8243; bg_position=&#8220;left top&#8220;][vc_column width=&#8220;1\/1&#8243;][\/vc_column][\/vc_row][vc_row][vc_column width=&#8220;1\/1&#8243;][\/vc_column][\/vc_row][vc_row bg_image=&#8220;17203&#8243; section_arrow=&#8220;false&#8220; text_color=&#8220;light&#8220; top_padding=&#8220;120&#8243; bottom_padding=&#8220;120&#8243; bg_position=&#8220;left top&#8220;][vc_column width=&#8220;1\/2&#8243;][\/vc_column][vc_column width=&#8220;1\/2&#8243;][\/vc_column][\/vc_row][vc_row top_padding=&#8220;50&#8243; bottom_padding=&#8220;50&#8243;][vc_column width=&#8220;1\/1&#8243;][\/vc_column][\/vc_row][vc_row text_align=&#8220;center&#8220; bottom_padding=&#8220;50&#8243;][vc_column text_align=&#8220;center&#8220; width=&#8220;1\/6&#8243;][\/vc_column][vc_column text_align=&#8220;center&#8220; width=&#8220;1\/6&#8243;][\/vc_column][vc_column width=&#8220;1\/6&#8243;][\/vc_column][vc_column text_align=&#8220;center&#8220; width=&#8220;1\/6&#8243;][\/vc_column][vc_column text_align=&#8220;center&#8220; width=&#8220;1\/6&#8243;][\/vc_column][vc_column text_align=&#8220;center&#8220; width=&#8220;1\/6&#8243;][\/vc_column][\/vc_row][vc_row bg_color=&#8220;#ffa02f&#8220; top_padding=&#8220;50&#8243; bottom_padding=&#8220;50&#8243; bg_position=&#8220;left top&#8220;][vc_column width=&#8220;1\/2&#8243;][\/vc_column][vc_column width=&#8220;1\/2&#8243;][\/vc_column][\/vc_row][vc_row bg_color=&#8220;#fafafa&#8220; top_padding=&#8220;80&#8243; bottom_padding=&#8220;40&#8243; bg_position=&#8220;left top&#8220;][vc_column width=&#8220;1\/1&#8243;][\/vc_column][\/vc_row]<\/p>\n","protected":false},"author":1,"featured_media":0,"parent":0,"menu_order":0,"comment_status":"closed","ping_status":"open","template":"","meta":{"_bbp_topic_count":0,"_bbp_reply_count":0,"_bbp_total_topic_count":0,"_bbp_total_reply_count":0,"_bbp_voice_count":0,"_bbp_anonymous_reply_count":0,"_bbp_topic_count_hidden":0,"_bbp_reply_count_hidden":0,"_bbp_forum_subforum_count":0,"footnotes":""},"_links":{"self":[{"href":"https:\/\/naturapack.net\/de\/wp-json\/wp\/v2\/pages\/17422"}],"collection":[{"href":"https:\/\/naturapack.net\/de\/wp-json\/wp\/v2\/pages"}],"about":[{"href":"https:\/\/naturapack.net\/de\/wp-json\/wp\/v2\/types\/page"}],"author":[{"embeddable":true,"href":"https:\/\/naturapack.net\/de\/wp-json\/wp\/v2\/users\/1"}],"replies":[{"embeddable":true,"href":"https:\/\/naturapack.net\/de\/wp-json\/wp\/v2\/comments?post=17422"}],"version-history":[{"count":0,"href":"https:\/\/naturapack.net\/de\/wp-json\/wp\/v2\/pages\/17422\/revisions"}],"wp:attachment":[{"href":"https:\/\/naturapack.net\/de\/wp-json\/wp\/v2\/media?parent=17422"}],"curies":[{"name":"wp","href":"https:\/\/api.w.org\/{rel}","templated":true}]}}