{"id":17425,"date":"2015-12-16T16:07:13","date_gmt":"2015-12-16T16:07:13","guid":{"rendered":"http:\/\/naturapack.net\/materiali\/"},"modified":"2019-03-29T12:38:58","modified_gmt":"2019-03-29T12:38:58","slug":"materialien","status":"publish","type":"page","link":"https:\/\/naturapack.net\/de\/materialien\/","title":{"rendered":"Materialien"},"content":{"rendered":"<p>[vc_row top_padding=&#8220;100&#8243; bottom_padding=&#8220;40&#8243; row_id=&#8220;ourprocess&#8220; bg_position=&#8220;left top&#8220;][vc_column width=&#8220;1\/4&#8243;]<div onclick=\"location.href='http:\/\/naturapack.net\/de\/materialien\/papier\/';\" style=\"cursor:pointer;\"><div class=\"iconbox  wpb_content_element iconbox-style-3 icon-color-accent color-dark\"><img src='https:\/\/naturapack.net\/wp-content\/uploads\/2018\/07\/icone-materiali-dolomitopack-12.png' class='iconimg' alt='PAPIER' \/><h3>PAPIER<\/h3><p>\n<p style=\"text-align: center;\">Papier, Karton und Pappe sind die Materialien, die die geringsten Umweltauswirkungen haben, die neue Technologie erm\u00f6glicht es, umweltfreundliche Verpackungen zu schaffen, die in direktem Kontakt mit Lebensmitteln stehen k\u00f6nnen.<\/p>\n<\/p><\/div><\/div>[\/vc_column][vc_column width=&#8220;1\/4&#8243;]<div onclick=\"location.href='http:\/\/naturapack.net\/de\/materialien\/holz\/';\" style=\"cursor:pointer;\"><div class=\"iconbox  wpb_content_element iconbox-style-3 icon-color-greyscale color-dark\"><img src='https:\/\/naturapack.net\/wp-content\/uploads\/2018\/07\/icone-materiali-dolomitopack-14.png' class='iconimg' alt='HOLZ' \/><h3>HOLZ<\/h3><p>\n<p style=\"text-align: center;\">Von allen Materialien ist Holz sicherlich das wertvollste, denn bei der Verarbeitung wird Papier produziert und als Verpackung verwendet, was dem Inhalt einen Mehrwert verleiht. Holz ist perfekt f\u00fcr ein exklusives Produkt.<\/p>\n<\/p><\/div><\/div>[\/vc_column][vc_column width=&#8220;1\/4&#8243;]<div onclick=\"location.href='http:\/\/naturapack.net\/de\/materialien\/plastik\/';\" style=\"cursor:pointer;\"><div class=\"iconbox  wpb_content_element iconbox-style-3 icon-color-greyscale color-dark\"><img src='https:\/\/naturapack.net\/wp-content\/uploads\/2018\/07\/icone-materiali-dolomitopack-13.png' class='iconimg' alt='PLASTIK' \/><h3>PLASTIK<\/h3><p>\n<p style=\"text-align: center;\">Plastik ist eine Erfindung der Nachkriegszeit und wird seit vielen Jahren unbewusst eingesetzt, ohne zu viel \u00fcber die Folgen nachzudenken. Heute werden 100% recycelbare Kunststoffverpackungen hergestellt und entwickelt.<\/p>\n<\/p><\/div><\/div>[\/vc_column][vc_column width=&#8220;1\/4&#8243;]<div onclick=\"location.href='http:\/\/naturapack.net\/de\/materialien\/glas\/';\" style=\"cursor:pointer;\"><div class=\"iconbox  wpb_content_element iconbox-style-3 icon-color-greyscale color-dark\"><img src='https:\/\/naturapack.net\/wp-content\/uploads\/2019\/02\/icone-materiali-naturapack-16-1.png' class='iconimg' alt='GLAS' \/><h3>GLAS<\/h3><p>\n<p style=\"text-align: center;\">Glas ist ein Material, das als &#8222;sauber&#8220; bezeichnet wird, weil es kein Produkt mit umweltsch\u00e4dlichen Bestandteilen ist. Es kann leicht wiederverwertet und mehrfach recycelt werden. Es besteht aus Sand, Soda und Kalkstein.<\/p>\n<\/p><\/div><\/div>[\/vc_column][\/vc_row][vc_row bg_color=&#8220;#ffa02f&#8220; top_padding=&#8220;80&#8243; bottom_padding=&#8220;40&#8243; row_id=&#8220;blogposts&#8220; bg_position=&#8220;center top&#8220;][vc_column width=&#8220;1\/1&#8243;]<h1 class=\"headline font-inherit fontsize-xxxxl fontweight-400 lh-inherit align-center transform-inherit \" style=\"margin: 0 0 20px 0;\">Naturapack, umweltfreundliche Verpackung<\/h1><div class=\"headline font-inherit fontsize-m fontweight-400 lh-inherit align-center transform-inherit \" style=\"margin: 0 0 60px 0; color: #ffffff;\">F\u00fcr NATURAPACK ist die Bereitstellung von Materialien mit geringer Umweltbelastung ein soziales Engagement. Umweltfreundliche Verpackungen zum Schutz der Umwelt und zuk\u00fcnftiger Generationen.<\/div>[\/vc_column][\/vc_row][vc_row top_padding=&#8220;100&#8243; bottom_padding=&#8220;100&#8243; row_id=&#8220;intro&#8220; bg_position=&#8220;center center&#8220;][vc_column text_align=&#8220;right&#8220; width=&#8220;1\/3&#8243;]<div class=\"spacer\" style=\"height: 80px;\"><\/div>[vc_column_text]<\/p>\n<h6>HOLZ<\/h6>\n<p>Holz ist das Hauptprodukt f\u00fcr Nachhaltigkeit. Ein edles Produkt, verwendbar f\u00fcr jede Art von Schachtel und Box. In der Regel f\u00fcr sehr empfindliche Produkte, gro\u00dfformatig, ideal f\u00fcr den Transport.[\/vc_column_text][\/vc_column][vc_column width=&#8220;1\/3&#8243;]<div class=\"single_image wpb_content_element align-center  animate   \" data-animation=\"fade-in-from-bottom\" data-delay=\"0\"><img loading=\"lazy\" decoding=\"async\" width=\"159\" height=\"300\" src=\"https:\/\/naturapack.net\/wp-content\/uploads\/2015\/12\/icone-materiali-dolomitopack-05-159x300.png\" class=\"attachment-medium\" alt=\"\" srcset=\"https:\/\/naturapack.net\/wp-content\/uploads\/2015\/12\/icone-materiali-dolomitopack-05-159x300.png 159w, https:\/\/naturapack.net\/wp-content\/uploads\/2015\/12\/icone-materiali-dolomitopack-05.png 384w\" sizes=\"(max-width: 159px) 100vw, 159px\" \/><\/div>[\/vc_column][vc_column width=&#8220;1\/3&#8243;]<div class=\"spacer\" style=\"height: 80px;\"><\/div>[vc_column_text]<\/p>\n<h6>KARTON UND PAPPE<\/h6>\n<p>Karton und Pappe geh\u00f6ren zu den am h\u00e4ufigsten verwendeten Materialien mit minimaler Umweltbelastung. Beide k\u00f6nnen leicht recycelt werden und es ist m\u00f6glich, andere Papierprodukte herzustellen.[\/vc_column_text][\/vc_column][\/vc_row][vc_row bg_color=&#8220;#f9f9f9&#8243; text_align=&#8220;center&#8220; top_padding=&#8220;100&#8243; bottom_padding=&#8220;100&#8243; row_id=&#8220;contact&#8220; bg_position=&#8220;left top&#8220;][vc_column width=&#8220;1\/1&#8243;]<h2 class=\"headline font-inherit fontsize-xxxl fontweight-inherit lh-inherit align-center transform-inherit \" style=\"margin: 0 0 20px 0; color: #34b233;\">F\u00fcr weitere Informationen kontaktieren Sie uns bitte!<\/h2><div class=\"headline font-inherit fontsize-m fontweight-inherit lh-inherit align-center transform-inherit \" style=\"margin: 0 0 60px 0; color: #999999;\">F\u00fcr jegliche Kl\u00e4rung und Zweifel an den Materialien<br \/>\nund zur Auswahl der umweltfreundlichen Verpackungen<br \/>\nsteht Ihnen unser Team zur Verf\u00fcgung. <\/div>[vc_column_text]<div class=\"social-icon social-big\"><a href=\"#\" target=\"_self\" title=\"\"><i class=\"fa fa-envelope-o\"><\/i><\/a><\/div> <div class=\"social-icon social-big\"><a href=\"http:\/\/facebook.com\" target=\"_blank\" title=\"\"><i class=\"fa fa-facebook\"><\/i><\/a><\/div>[\/vc_column_text][\/vc_column][\/vc_row]<\/p>\n","protected":false},"excerpt":{"rendered":"<p>[vc_row top_padding=&#8220;100&#8243; bottom_padding=&#8220;40&#8243; row_id=&#8220;ourprocess&#8220; bg_position=&#8220;left top&#8220;][vc_column width=&#8220;1\/4&#8243;][\/vc_column][vc_column width=&#8220;1\/4&#8243;][\/vc_column][vc_column width=&#8220;1\/4&#8243;][\/vc_column][vc_column width=&#8220;1\/4&#8243;][\/vc_column][\/vc_row][vc_row bg_color=&#8220;#ffa02f&#8220; top_padding=&#8220;80&#8243; bottom_padding=&#8220;40&#8243; row_id=&#8220;blogposts&#8220; bg_position=&#8220;center top&#8220;][vc_column width=&#8220;1\/1&#8243;][\/vc_column][\/vc_row][vc_row top_padding=&#8220;100&#8243; bottom_padding=&#8220;100&#8243; row_id=&#8220;intro&#8220; bg_position=&#8220;center center&#8220;][vc_column text_align=&#8220;right&#8220; width=&#8220;1\/3&#8243;][vc_column_text] HOLZ Holz ist das Hauptprodukt f\u00fcr Nachhaltigkeit. Ein edles Produkt, verwendbar f\u00fcr jede Art von Schachtel und Box. In der Regel f\u00fcr sehr empfindliche Produkte, gro\u00dfformatig, ideal f\u00fcr den Transport.[\/vc_column_text][\/vc_column][vc_column width=&#8220;1\/3&#8243;][\/vc_column][vc_column width=&#8220;1\/3&#8243;][vc_column_text] KARTON UND PAPPE Karton und Pappe geh\u00f6ren zu den am h\u00e4ufigsten verwendeten Materialien mit minimaler Umweltbelastung. Beide k\u00f6nnen leicht recycelt werden und es ist m\u00f6glich, andere Papierprodukte herzustellen.[\/vc_column_text][\/vc_column][\/vc_row][vc_row bg_color=&#8220;#f9f9f9&#8243; text_align=&#8220;center&#8220; top_padding=&#8220;100&#8243; bottom_padding=&#8220;100&#8243; row_id=&#8220;contact&#8220; bg_position=&#8220;left top&#8220;][vc_column width=&#8220;1\/1&#8243;][vc_column_text] [\/vc_column_text][\/vc_column][\/vc_row]<\/p>\n","protected":false},"author":1,"featured_media":0,"parent":0,"menu_order":0,"comment_status":"closed","ping_status":"closed","template":"","meta":{"_bbp_topic_count":0,"_bbp_reply_count":0,"_bbp_total_topic_count":0,"_bbp_total_reply_count":0,"_bbp_voice_count":0,"_bbp_anonymous_reply_count":0,"_bbp_topic_count_hidden":0,"_bbp_reply_count_hidden":0,"_bbp_forum_subforum_count":0,"footnotes":""},"_links":{"self":[{"href":"https:\/\/naturapack.net\/de\/wp-json\/wp\/v2\/pages\/17425"}],"collection":[{"href":"https:\/\/naturapack.net\/de\/wp-json\/wp\/v2\/pages"}],"about":[{"href":"https:\/\/naturapack.net\/de\/wp-json\/wp\/v2\/types\/page"}],"author":[{"embeddable":true,"href":"https:\/\/naturapack.net\/de\/wp-json\/wp\/v2\/users\/1"}],"replies":[{"embeddable":true,"href":"https:\/\/naturapack.net\/de\/wp-json\/wp\/v2\/comments?post=17425"}],"version-history":[{"count":0,"href":"https:\/\/naturapack.net\/de\/wp-json\/wp\/v2\/pages\/17425\/revisions"}],"wp:attachment":[{"href":"https:\/\/naturapack.net\/de\/wp-json\/wp\/v2\/media?parent=17425"}],"curies":[{"name":"wp","href":"https:\/\/api.w.org\/{rel}","templated":true}]}}