{"id":17429,"date":"2015-12-23T10:56:29","date_gmt":"2015-12-23T10:56:29","guid":{"rendered":"http:\/\/naturapack.net\/materiali\/legno\/"},"modified":"2018-10-17T11:52:17","modified_gmt":"2018-10-17T11:52:17","slug":"holz","status":"publish","type":"page","link":"https:\/\/naturapack.net\/de\/materialien\/holz\/","title":{"rendered":"Holz"},"content":{"rendered":"<p>[vc_row type=&#8220;full_width_section&#8220; bg_color=&#8220;#34b233&#8243; text_color=&#8220;light&#8220; text_align=&#8220;center&#8220; top_padding=&#8220;50&#8243; bottom_padding=&#8220;50&#8243;][vc_column width=&#8220;1\/1&#8243;]<h1 class=\"headline font-special fontsize-xxxxl fontweight-400 lh-inherit align-center transform-inherit \" style=\" color: #ffffff;\">PACKAGING HOLZ<\/h1>[\/vc_column][\/vc_row][vc_row top_padding=&#8220;90&#8243;][vc_column column_padding=&#8220;custom-padding&#8220; column_custompadding=&#8220;0px 50px 0px 0px&#8220; width=&#8220;1\/1&#8243;]<h2 class=\"headline font-special fontsize-xl fontweight-300 lh-inherit align-left transform-inherit \" style=\"margin: 0 0 20px 0; color: #999999;\">Packaging Holz: Resistenz und Wiederverwendung<\/h2>[\/vc_column][\/vc_row][vc_row top_padding=&#8220;40&#8243; bottom_padding=&#8220;40&#8243; bg_position=&#8220;left top&#8220;][vc_column bg_color=&#8220;#34b233&#8243; column_padding=&#8220;padding-5&#8243; width=&#8220;2\/3&#8243;][vc_column_text]<\/p>\n<h5><span style=\"color: #ffffff;\">Holz ist das Material schlechthin, es wurde schon immer f\u00fcr die Herstellung von Schachteln und Kisten f\u00fcr den Transport verwendet. Historisch gesehen ist es das \u00e4lteste Material, weil es direkt von B\u00e4umen stammt, w\u00e4hrend alle anderen Materialien im Laufe der Jahre durch wissenschaftliche und technologische Entdeckungen entdeckt wurden. Es ist zweifellos das umweltfreundlichste Material \u00fcberhaupt, vorausgesetzt, dass die verschiedenen Teile der Box nicht durch Klebstoffe oder Silikone zusammengehalten werden. Auch wenn es sich um ein schlechtes und einfaches Material handelt, wird Holz haupts\u00e4chlich nicht nur f\u00fcr den Transport, sondern auch f\u00fcr die Realisierung exklusiver Verpackungen verwendet. Wie wir wissen, vermittelt und kommuniziert Holzwerkstoff mehr Botschaften. Holz wird verwendet, wenn man das Produkt mit einem Gedanken an \u00d6kologie, Natur, Nachhaltigkeit und Einfachheit verbinden m\u00f6chte und den Eindruck erweckt, dass das Produkt in direktem Kontakt mit der Erde steht, im Einklang mit der Natur. Aber es ist auch wahr, dass Holz oft verwendet wird, um einem Produkt einen Mehrwert zu verleihen. Teure Flaschen Champagner oder ein Kaschmirpullover, verpackt in Holzverpackungen, erhalten einen exklusiven Touch. Naturapack produziert Verpackungen f\u00fcr Lebensmittel, Kleidung, Wein und Geschenke, einschlie\u00dflich Sonderanfertigungen, und bietet die M\u00f6glichkeit, die Verpackung durch Hinzuf\u00fcgen der Marke und der Farben anzupassen. Die Holzkisten bestehen haupts\u00e4chlich aus gro\u00dfformatigen, widerstandsf\u00e4higen Transportkisten f\u00fcr Luft- und Seefracht. Holz ist ein edles und nicht zu teures Material, das vielseitig verwendbar ist.<\/span><\/h5>\n<p>[\/vc_column_text][\/vc_column][vc_column column_padding=&#8220;custom-padding&#8220; column_custompadding=&#8220;0px 0px 0px 50px&#8220; width=&#8220;1\/3&#8243;][vc_accordion collapsible=&#8220;yes&#8220; disable_keyboard=&#8220;yes&#8220;][vc_accordion_tab title=&#8220; OSB und Holz&#8220;][vc_column_text]Holzkisten f\u00fcr den Transport sind die sicherste Art, Produkte und Waren zu lagern. Naturapack liefert Holzkisten f\u00fcr den See-, Luft- und Landverkehr. Die Holzkisten sind sehr langlebig und sicher, Sie k\u00f6nnen die Ma\u00dfe nach Ihren W\u00fcnschen anpassen. Wenn Sie Geld sparen wollen und das zu transportierende Produkt nicht besonders empfindlich ist, ist es besser, sich f\u00fcr Holzboxen zu entscheiden. Die Holzboxen haben die Funktion, widerstandsf\u00e4higer zu sein als Kartons und k\u00f6nnen die verschiedenen zu transportierenden Produkte in einem St\u00fcck zusammenhalten, um nicht viele kleine Kartons herstellen zu m\u00fcssen. F\u00fcr nicht allzu gro\u00dfe Transporte ist es m\u00f6glich, OSB-Kisten (Oriented Strand Board) zu verwenden. Dies ist eine Konstruktionsplatte aus Holzflocken, die von einem Kunstharz zusammengehalten wird, und die dann durch Verbinden der verschiedenen Schichten zusammengepresst werden. F\u00fcr OSB-Platten werden in der Regel Fichte und Kiefernholz verwendet. OSB-Platten werden auch im Bauwesen f\u00fcr die Struktur der Umgebung oder zur Isolierung eingesetzt.[\/vc_column_text][\/vc_accordion_tab][vc_accordion_tab title=&#8220;Sperrholz&#8220;][vc_column_text]Sowohl Sperrholz als auch MDF sind Holzwerkstoffe und bestehen aus Schichten von \u00fcberlappendem Material. Sperrholz ist ein Halbfertigprodukt, das aus sehr d\u00fcnnen Schichten gesch\u00e4lten Holzes besteht, die verleimt und durch das Durchqueren der Adern \u00fcberlappt werden, um dem Sperrholz mehr Festigkeit und Robustheit zu verleihen. F\u00fcr die Realisierung eines Serienprodukts werden Weichh\u00f6lzer wie Tanne, Birke und Pappel verwendet, w\u00e4hrend Buche, Eiche, Teakholz und Nussbaum f\u00fcr ein Material von h\u00f6chster Qualit\u00e4t verwendet werden, das f\u00fcr die Herstellung von M\u00f6beln und Einrichtungsgegenst\u00e4nden verschiedener Art bestimmt ist.[\/vc_column_text][\/vc_accordion_tab][vc_accordion_tab title=&#8220;MDF&#8220;][vc_column_text]MDF (Medium Density Fibreboard) ist eine mitteldichte Faserplatte aus Holz. Wie bei Sperrholz werden Holzst\u00fccke verwendet, die jedoch in jeder Form und Herkunft sein k\u00f6nnen, einschlie\u00dflich Altholz. Statt schichtweise zu verkleben, wird das Holz entrindet, geschreddert, gereinigt und schlie\u00dflich veredelt. Nach dieser Phase ist die &#8222;Verbindung&#8220; bereit, entweder im Trockenverfahren (durch Trocknen der Fasern) oder im Nassverfahren (durch Filzen der Fasern) zu Fasern reduziert zu werden. In beiden F\u00e4llen wird die entstehende Verbindung gepresst und schichtweise \u00fcberlagert.[\/vc_column_text][\/vc_accordion_tab][\/vc_accordion][\/vc_column][\/vc_row]<\/p>\n","protected":false},"excerpt":{"rendered":"<p>[vc_row type=&#8220;full_width_section&#8220; bg_color=&#8220;#34b233&#8243; text_color=&#8220;light&#8220; text_align=&#8220;center&#8220; top_padding=&#8220;50&#8243; bottom_padding=&#8220;50&#8243;][vc_column width=&#8220;1\/1&#8243;][\/vc_column][\/vc_row][vc_row top_padding=&#8220;90&#8243;][vc_column column_padding=&#8220;custom-padding&#8220; column_custompadding=&#8220;0px 50px 0px 0px&#8220; width=&#8220;1\/1&#8243;][\/vc_column][\/vc_row][vc_row top_padding=&#8220;40&#8243; bottom_padding=&#8220;40&#8243; bg_position=&#8220;left top&#8220;][vc_column bg_color=&#8220;#34b233&#8243; column_padding=&#8220;padding-5&#8243; width=&#8220;2\/3&#8243;][vc_column_text] Holz ist das Material schlechthin, es wurde schon immer f\u00fcr die Herstellung von Schachteln und Kisten f\u00fcr den Transport verwendet. Historisch gesehen ist es das \u00e4lteste Material, weil es direkt von B\u00e4umen stammt, w\u00e4hrend alle anderen Materialien im Laufe der Jahre durch wissenschaftliche und technologische Entdeckungen entdeckt wurden. Es ist zweifellos das umweltfreundlichste Material \u00fcberhaupt, vorausgesetzt, dass die verschiedenen Teile der Box nicht durch Klebstoffe oder Silikone zusammengehalten werden. Auch wenn es sich um ein schlechtes und einfaches Material handelt, wird Holz haupts\u00e4chlich nicht nur f\u00fcr den Transport, sondern auch f\u00fcr die Realisierung exklusiver Verpackungen verwendet. Wie wir wissen, vermittelt und kommuniziert Holzwerkstoff mehr Botschaften. Holz wird verwendet, wenn man das Produkt mit einem Gedanken an \u00d6kologie, Natur, Nachhaltigkeit und Einfachheit verbinden m\u00f6chte und den Eindruck erweckt, dass das Produkt in direktem Kontakt mit der Erde steht, im Einklang mit der Natur. Aber es ist auch wahr, dass Holz oft verwendet wird, um einem Produkt einen Mehrwert zu verleihen. Teure Flaschen Champagner oder ein Kaschmirpullover, verpackt in Holzverpackungen, erhalten einen exklusiven Touch. Naturapack produziert Verpackungen f\u00fcr Lebensmittel, Kleidung, [&hellip;]<\/p>\n","protected":false},"author":1,"featured_media":0,"parent":17425,"menu_order":0,"comment_status":"closed","ping_status":"closed","template":"","meta":{"_bbp_topic_count":0,"_bbp_reply_count":0,"_bbp_total_topic_count":0,"_bbp_total_reply_count":0,"_bbp_voice_count":0,"_bbp_anonymous_reply_count":0,"_bbp_topic_count_hidden":0,"_bbp_reply_count_hidden":0,"_bbp_forum_subforum_count":0,"footnotes":""},"_links":{"self":[{"href":"https:\/\/naturapack.net\/de\/wp-json\/wp\/v2\/pages\/17429"}],"collection":[{"href":"https:\/\/naturapack.net\/de\/wp-json\/wp\/v2\/pages"}],"about":[{"href":"https:\/\/naturapack.net\/de\/wp-json\/wp\/v2\/types\/page"}],"author":[{"embeddable":true,"href":"https:\/\/naturapack.net\/de\/wp-json\/wp\/v2\/users\/1"}],"replies":[{"embeddable":true,"href":"https:\/\/naturapack.net\/de\/wp-json\/wp\/v2\/comments?post=17429"}],"version-history":[{"count":0,"href":"https:\/\/naturapack.net\/de\/wp-json\/wp\/v2\/pages\/17429\/revisions"}],"up":[{"embeddable":true,"href":"https:\/\/naturapack.net\/de\/wp-json\/wp\/v2\/pages\/17425"}],"wp:attachment":[{"href":"https:\/\/naturapack.net\/de\/wp-json\/wp\/v2\/media?parent=17429"}],"curies":[{"name":"wp","href":"https:\/\/api.w.org\/{rel}","templated":true}]}}