{"id":17434,"date":"2014-09-15T13:34:12","date_gmt":"2014-09-15T13:34:12","guid":{"rendered":"http:\/\/naturapack.net\/prodotti-packaging-design\/"},"modified":"2019-04-04T07:42:22","modified_gmt":"2019-04-04T07:42:22","slug":"produkte","status":"publish","type":"page","link":"https:\/\/naturapack.net\/de\/produkte\/","title":{"rendered":"Produkte"},"content":{"rendered":"<p>[vc_row bg_color=&#8220;#f9f9f9&#8243; top_padding=&#8220;100&#8243; bottom_padding=&#8220;100&#8243;][vc_column width=&#8220;1\/1&#8243;]<h1 class=\"headline font-inherit fontsize-xxxxxl fontweight-300 lh-13 align-left transform-inherit \" style=\"margin: 0 0 40px 0; color: #ffa02f;\">Produkte<\/h1><div class=\"headline font-inherit fontsize-m fontweight-400 lh-inherit align-left transform-inherit \" style=\"margin: 0; color: #999999;\">Um den vielf\u00e4ltigen Marktbed\u00fcrfnissen gerecht zu werden, bietet Naturapack modernste Verpackungsl\u00f6sungen, die gleichzeitig Qualit\u00e4t und technologische Innovation garantieren.<\/div>[\/vc_column][\/vc_row][vc_row top_padding=&#8220;80&#8243; bottom_padding=&#8220;80&#8243; bg_position=&#8220;left top&#8220;][vc_column width=&#8220;1\/2&#8243;]<div class=\"flip\"><div class=\"iconbox  iconbox-style-9 icon-color-accent color-dark card clearfix\"><div class=\"iconbox-box1 face front\"><table><tr><td><img src='https:\/\/naturapack.net\/wp-content\/uploads\/2018\/01\/Naturapack-icone_Tavola-disegno-1.png' class='iconimg' alt='VERPACKUNGEN F\u00dcR \u00c4PFEL' \/><h3>VERPACKUNGEN F\u00dcR \u00c4PFEL<\/h3><\/td><\/tr><\/table><\/div><div class=\"iconbox-box2 face back\"><table><tr><td><h3>VERPACKUNGEN F\u00dcR \u00c4PFEL<\/h3><p>\n<h5>Holzschliffeinlagen<br \/>\nHolzschliffschalen<br \/>\nKartonschalen<br \/>\nPlastikeinlagen<br \/>\nPlastikschalen<br \/>\nTaschen<br \/>\nKartonschachteln<br \/>\nAndere kleine Pakete<\/h5>\n<\/p><\/td><\/tr><\/table><\/div><\/div><\/div><a href=\"https:\/\/naturapack.net\/de\/produkte\/verpackungen-fuer-aepfel\/\" target=\"_self\" class=\"button color-1 full \" style=\"border-radius: 2px;\">BESUCHEN SIE DIE SEITE<\/a>[\/vc_column][vc_column width=&#8220;1\/2&#8243;]<div class=\"flip\"><div class=\"iconbox  iconbox-style-9 icon-color-accent color-dark card clearfix\"><div class=\"iconbox-box1 face front\"><table><tr><td><img src='https:\/\/naturapack.net\/wp-content\/uploads\/2018\/01\/Naturapack-icone-02.png' class='iconimg' alt='VERPACKUNGEN F\u00dcR FR\u00dcCHTE' \/><h3>VERPACKUNGEN F\u00dcR FR\u00dcCHTE<\/h3><\/td><\/tr><\/table><\/div><div class=\"iconbox-box2 face back\"><table><tr><td><h3>VERPACKUNGEN F\u00dcR FR\u00dcCHTE<\/h3><p>\n<h5>Verpackungen f\u00fcr Melonen<br \/>\nVerpackungen f\u00fcr Birnen<br \/>\nVerpackungen f\u00fcr Kiwis<br \/>\nVerpackungen f\u00fcr kleine Fr\u00fcchte<br \/>\nKartone<\/h5>\n<\/p><\/td><\/tr><\/table><\/div><\/div><\/div><a href=\"https:\/\/naturapack.net\/de\/produkte\/verpackungen-fuer-fruechte\/\" target=\"_self\" class=\"button color-1 full \" style=\"border-radius: 2px;\">BESUCHEN SIE DIE SEITE<\/a>[\/vc_column][\/vc_row][vc_row bottom_padding=&#8220;80&#8243; bg_position=&#8220;left top&#8220;][vc_column width=&#8220;1\/2&#8243;]<div class=\"flip\"><div class=\"iconbox  iconbox-style-9 icon-color-accent color-dark card clearfix\"><div class=\"iconbox-box1 face front\"><table><tr><td><img src='https:\/\/naturapack.net\/wp-content\/uploads\/2018\/01\/Naturapack-icone-03.png' class='iconimg' alt='VERPACKUNGEN F\u00dcR EIER' \/><h3>VERPACKUNGEN F\u00dcR EIER<\/h3><\/td><\/tr><\/table><\/div><div class=\"iconbox-box2 face back\"><table><tr><td><h3>VERPACKUNGEN F\u00dcR EIER<\/h3><p>\n<h5>Eierkartons<br \/>\nPlateaus<br \/>\nKartone<br \/>\nZubeh\u00f6r<\/h5>\n<\/p><\/td><\/tr><\/table><\/div><\/div><\/div><a href=\"https:\/\/naturapack.net\/de\/produkte\/verpackungen-fuer-eier\/\" target=\"_self\" class=\"button color-1 full \" style=\"border-radius: 2px;\">BESUCHEN SIE DIE SEITE<\/a>[\/vc_column][vc_column width=&#8220;1\/2&#8243;]<div class=\"flip\"><div class=\"iconbox  iconbox-style-9 icon-color-accent color-dark card clearfix\"><div class=\"iconbox-box1 face front\"><table><tr><td><img src='https:\/\/naturapack.net\/wp-content\/uploads\/2018\/01\/Naturapack-icone-05.png' class='iconimg' alt='VERPACKUNGEN F\u00dcR ANDERE LEBENSMITTEL' \/><h3>VERPACKUNGEN F\u00dcR ANDERE LEBENSMITTEL<\/h3><\/td><\/tr><\/table><\/div><div class=\"iconbox-box2 face back\"><table><tr><td><h3>VERPACKUNGEN F\u00dcR ANDERE LEBENSMITTEL<\/h3><p>\n<h5>Bag in Box<br \/>\nShoppers<\/h5>\n<\/p><\/td><\/tr><\/table><\/div><\/div><\/div><a href=\"https:\/\/naturapack.net\/de\/produkte\/verpackungen-fuer-andere-lebensmittel\/\" target=\"_self\" class=\"button color-1 full \" style=\"border-radius: 2px;\">BESUCHEN SIE DIE SEITE<\/a>[\/vc_column][\/vc_row][vc_row bottom_padding=&#8220;80&#8243; bg_position=&#8220;left top&#8220;][vc_column width=&#8220;1\/2&#8243;]<div class=\"flip\"><div class=\"iconbox  iconbox-style-9 icon-color-accent color-dark card clearfix\"><div class=\"iconbox-box1 face front\"><table><tr><td><img src='https:\/\/naturapack.net\/wp-content\/uploads\/2018\/01\/Naturapack-icone-04.png' class='iconimg' alt='VERPACKUNGEN F\u00dcR WEIN' \/><h3>VERPACKUNGEN F\u00dcR WEIN<\/h3><\/td><\/tr><\/table><\/div><div class=\"iconbox-box2 face back\"><table><tr><td><h3>VERPACKUNGEN F\u00dcR WEIN<\/h3><p>\n<h5>Trennf\u00e4cher<br \/>\nHorizontale Weinkisten<br \/>\nVertikale Weinkisten<br \/>\nEinzelverpackungen<\/h5>\n<\/p><\/td><\/tr><\/table><\/div><\/div><\/div><a href=\"https:\/\/naturapack.net\/de\/produkte\/verpackungen-fuer-wein\/\" target=\"_self\" class=\"button color-1 full \" style=\"border-radius: 2px;\">BESUCHEN SIE DIE SEITE<\/a>[\/vc_column][vc_column width=&#8220;1\/2&#8243;]<div class=\"flip\"><div class=\"iconbox  iconbox-style-9 icon-color-accent color-dark card clearfix\"><div class=\"iconbox-box1 face front\"><table><tr><td><img src='https:\/\/naturapack.net\/wp-content\/uploads\/2018\/01\/Naturapack-icone-06.png' class='iconimg' alt='GASTRONOMIE' \/><h3>GASTRONOMIE<\/h3><\/td><\/tr><\/table><\/div><div class=\"iconbox-box2 face back\"><table><tr><td><h3>GASTRONOMIE<\/h3><p>\n<h5>Pappteller &amp; Becher<br \/>\nBesteck<br \/>\nM\u00fclls\u00e4cke<br \/>\nTrockenpapier<\/h5>\n<\/p><\/td><\/tr><\/table><\/div><\/div><\/div><a href=\"https:\/\/naturapack.net\/de\/produkte\/gastronomie\/\" target=\"_self\" class=\"button color-1 full \" style=\"border-radius: 2px;\">BESUCHEN SIE DIE SEITE<\/a>[\/vc_column][\/vc_row][vc_row bottom_padding=&#8220;80&#8243; bg_position=&#8220;left top&#8220;][vc_column width=&#8220;1\/2&#8243;]<div class=\"flip\"><div class=\"iconbox  iconbox-style-9 icon-color-accent color-dark card clearfix\"><div class=\"iconbox-box1 face front\"><table><tr><td><img src='https:\/\/naturapack.net\/wp-content\/uploads\/2018\/08\/Naturapack-icone-07-e1534847201800.png' class='iconimg' alt='N\u00dcTZLICHES F\u00dcR DIE VERPACKUNG' \/><h3>N\u00dcTZLICHES F\u00dcR DIE VERPACKUNG<\/h3><\/td><\/tr><\/table><\/div><div class=\"iconbox-box2 face back\"><table><tr><td><h3>N\u00dcTZLICHES F\u00dcR DIE VERPACKUNG<\/h3><p>\n<h5>Klebestreifen<br \/>\nSpender Klebestreifen<br \/>\nWickelfolie<br \/>\nSpender Wickelfolie<br \/>\nBindeband mit Zubeh\u00f6r<br \/>\nKantenschutzwinkel<br \/>\nLuftblasenfolie<br \/>\nS\u00e4cke mit dazugeh\u00f6rigem St\u00e4nder<\/h5>\n<\/p><\/td><\/tr><\/table><\/div><\/div><\/div><a href=\"https:\/\/naturapack.net\/de\/produkte\/nuetzliches-fuer-die-verpackung\/\" target=\"_self\" class=\"button color-1 full \" style=\"border-radius: 2px;\">BESUCHEN SIE DIE SEITE<\/a>[\/vc_column][vc_column width=&#8220;1\/2&#8243;]<div class=\"flip\"><div class=\"iconbox  iconbox-style-9 icon-color-accent color-dark card clearfix\"><div class=\"iconbox-box1 face front\"><table><tr><td><img src='https:\/\/naturapack.net\/wp-content\/uploads\/2018\/08\/Naturapack-icone-08-e1534847163209.png' class='iconimg' alt='NEUTRALE NON-FOOD-KARTONS' \/><h3>NEUTRALE NON-FOOD-KARTONS<\/h3><\/td><\/tr><\/table><\/div><div class=\"iconbox-box2 face back\"><table><tr><td><h3>NEUTRALE NON-FOOD-KARTONS<\/h3><p>\n<h5>Kartone f\u00fcr Blumen<br \/>\nNeutrale Non-Food-Kartons<\/h5>\n<\/p><\/td><\/tr><\/table><\/div><\/div><\/div><a href=\"https:\/\/naturapack.net\/de\/neutrale-non-food-kartons\/\" target=\"_self\" class=\"button color-1 full \" style=\"border-radius: 2px;\">BESUCHEN SIE DIE SEITE<\/a>[\/vc_column][\/vc_row][vc_row bottom_padding=&#8220;80&#8243; bg_position=&#8220;left top&#8220;][vc_column width=&#8220;1\/2&#8243;]<div class=\"flip\"><div class=\"iconbox  iconbox-style-9 icon-color-accent color-dark card clearfix\"><div class=\"iconbox-box1 face front\"><table><tr><td><img src='https:\/\/naturapack.net\/wp-content\/uploads\/2019\/02\/Naturapack-icone-09.png' class='iconimg' alt='FLASCHEN UND GL\u00c4SER' \/><h3>FLASCHEN UND GL\u00c4SER<\/h3><\/td><\/tr><\/table><\/div><div class=\"iconbox-box2 face back\"><table><tr><td><h3>FLASCHEN UND GL\u00c4SER<\/h3><p>\n<h5>Flaschen<br \/>\nGl\u00e4ser<\/h5>\n<\/p><\/td><\/tr><\/table><\/div><\/div><\/div><a href=\"https:\/\/naturapack.net\/de\/flaschen-glaeser\/\" target=\"_self\" class=\"button color-1 full \" style=\"border-radius: 2px;\">BESUCHEN SIE DIE SEITE<\/a>[\/vc_column][\/vc_row]<\/p>\n","protected":false},"excerpt":{"rendered":"<p>[vc_row bg_color=&#8220;#f9f9f9&#8243; top_padding=&#8220;100&#8243; bottom_padding=&#8220;100&#8243;][vc_column width=&#8220;1\/1&#8243;][\/vc_column][\/vc_row][vc_row top_padding=&#8220;80&#8243; bottom_padding=&#8220;80&#8243; bg_position=&#8220;left top&#8220;][vc_column width=&#8220;1\/2&#8243;][\/vc_column][vc_column width=&#8220;1\/2&#8243;][\/vc_column][\/vc_row][vc_row bottom_padding=&#8220;80&#8243; bg_position=&#8220;left top&#8220;][vc_column width=&#8220;1\/2&#8243;][\/vc_column][vc_column width=&#8220;1\/2&#8243;][\/vc_column][\/vc_row][vc_row bottom_padding=&#8220;80&#8243; bg_position=&#8220;left top&#8220;][vc_column width=&#8220;1\/2&#8243;][\/vc_column][vc_column width=&#8220;1\/2&#8243;][\/vc_column][\/vc_row][vc_row bottom_padding=&#8220;80&#8243; bg_position=&#8220;left top&#8220;][vc_column width=&#8220;1\/2&#8243;][\/vc_column][vc_column width=&#8220;1\/2&#8243;][\/vc_column][\/vc_row][vc_row bottom_padding=&#8220;80&#8243; bg_position=&#8220;left top&#8220;][vc_column width=&#8220;1\/2&#8243;][\/vc_column][\/vc_row]<\/p>\n","protected":false},"author":1,"featured_media":0,"parent":0,"menu_order":0,"comment_status":"open","ping_status":"open","template":"","meta":{"_bbp_topic_count":0,"_bbp_reply_count":0,"_bbp_total_topic_count":0,"_bbp_total_reply_count":0,"_bbp_voice_count":0,"_bbp_anonymous_reply_count":0,"_bbp_topic_count_hidden":0,"_bbp_reply_count_hidden":0,"_bbp_forum_subforum_count":0,"footnotes":""},"_links":{"self":[{"href":"https:\/\/naturapack.net\/de\/wp-json\/wp\/v2\/pages\/17434"}],"collection":[{"href":"https:\/\/naturapack.net\/de\/wp-json\/wp\/v2\/pages"}],"about":[{"href":"https:\/\/naturapack.net\/de\/wp-json\/wp\/v2\/types\/page"}],"author":[{"embeddable":true,"href":"https:\/\/naturapack.net\/de\/wp-json\/wp\/v2\/users\/1"}],"replies":[{"embeddable":true,"href":"https:\/\/naturapack.net\/de\/wp-json\/wp\/v2\/comments?post=17434"}],"version-history":[{"count":0,"href":"https:\/\/naturapack.net\/de\/wp-json\/wp\/v2\/pages\/17434\/revisions"}],"wp:attachment":[{"href":"https:\/\/naturapack.net\/de\/wp-json\/wp\/v2\/media?parent=17434"}],"curies":[{"name":"wp","href":"https:\/\/api.w.org\/{rel}","templated":true}]}}