{"id":17440,"date":"2018-01-30T12:07:37","date_gmt":"2018-01-30T12:07:37","guid":{"rendered":"http:\/\/naturapack.net\/progetti-grafici\/"},"modified":"2019-02-26T13:04:21","modified_gmt":"2019-02-26T13:04:21","slug":"grafik-projekte","status":"publish","type":"page","link":"https:\/\/naturapack.net\/de\/grafik-projekte\/","title":{"rendered":"Grafik-Projekte"},"content":{"rendered":"<p>[vc_row][vc_column width=&#8220;1\/1&#8243;]<h1 class=\"headline font-inherit fontsize-xxxxl fontweight-300 lh-inherit align-center transform-inherit \" style=\"margin: 0 0 20px 0; color: #34b233;\">Grafiken<\/h1><h1 class=\"headline font-inherit fontsize-m fontweight-400 lh-inherit align-center transform-inherit \" style=\"margin: 0 0 20px 0; color: #999999;\">Auf Wunsch und nach Ermittlung Ihrer Bed\u00fcrfnisse k\u00fcmmert sich Naturapack um die Umsetzung der Anfrage durch eine sorgf\u00e4ltige Kombination von Material und Design. So entstehen praktische und beeindruckende Entw\u00fcrfe und selbst die einfachste Verpackung wird mit einem originellen Touch angereichert.<\/p>\n<p>Unser gro\u00dfes Lager sowie ein leistungsf\u00e4higer und gut ausgestatteter Maschinenpark garantieren stets schnelle und p\u00fcnktliche Lieferungen.<\/h1><div class=\"spacer\" style=\"height: 40px;\"><\/div>[\/vc_column][\/vc_row][vc_row][vc_column width=&#8220;1\/3&#8243;]<div class=\"single_image wpb_content_element align-left    \" data-animation=\"none\" data-delay=\"0\"><a href=\"https:\/\/naturapack.net\/wp-content\/uploads\/2019\/02\/DSC08735-Bearbeitet-2.jpg\" class=\"prettyPhoto\" rel=\"prettyPhoto[image]\"><img loading=\"lazy\" decoding=\"async\" width=\"2048\" height=\"1583\" src=\"https:\/\/naturapack.net\/wp-content\/uploads\/2019\/02\/DSC08735-Bearbeitet-2.jpg\" class=\"attachment-full\" alt=\"\" srcset=\"https:\/\/naturapack.net\/wp-content\/uploads\/2019\/02\/DSC08735-Bearbeitet-2.jpg 2048w, https:\/\/naturapack.net\/wp-content\/uploads\/2019\/02\/DSC08735-Bearbeitet-2-300x232.jpg 300w, https:\/\/naturapack.net\/wp-content\/uploads\/2019\/02\/DSC08735-Bearbeitet-2-768x594.jpg 768w, https:\/\/naturapack.net\/wp-content\/uploads\/2019\/02\/DSC08735-Bearbeitet-2-1024x792.jpg 1024w\" sizes=\"(max-width: 2048px) 100vw, 2048px\" \/><\/a><\/div><div class=\"spacer\" style=\"height: 1px;\"><\/div>[\/vc_column][vc_column width=&#8220;1\/3&#8243;]<div class=\"single_image wpb_content_element align-left    \" data-animation=\"none\" data-delay=\"0\"><a href=\"https:\/\/naturapack.net\/wp-content\/uploads\/2019\/02\/Eierschachtel-Naturapack.jpg\" class=\"prettyPhoto\" rel=\"prettyPhoto[image]\"><img loading=\"lazy\" decoding=\"async\" width=\"2048\" height=\"1583\" src=\"https:\/\/naturapack.net\/wp-content\/uploads\/2019\/02\/Eierschachtel-Naturapack.jpg\" class=\"attachment-full\" alt=\"\" srcset=\"https:\/\/naturapack.net\/wp-content\/uploads\/2019\/02\/Eierschachtel-Naturapack.jpg 2048w, https:\/\/naturapack.net\/wp-content\/uploads\/2019\/02\/Eierschachtel-Naturapack-300x232.jpg 300w, https:\/\/naturapack.net\/wp-content\/uploads\/2019\/02\/Eierschachtel-Naturapack-768x594.jpg 768w, https:\/\/naturapack.net\/wp-content\/uploads\/2019\/02\/Eierschachtel-Naturapack-1024x792.jpg 1024w\" sizes=\"(max-width: 2048px) 100vw, 2048px\" \/><\/a><\/div><div class=\"spacer\" style=\"height: 1px;\"><\/div>[\/vc_column][vc_column width=&#8220;1\/3&#8243;]<div class=\"single_image wpb_content_element align-left    \" data-animation=\"none\" data-delay=\"0\"><a href=\"https:\/\/naturapack.net\/wp-content\/uploads\/2019\/02\/DSC08753-Bearbeitet.jpg\" class=\"prettyPhoto\" rel=\"prettyPhoto[image]\"><img loading=\"lazy\" decoding=\"async\" width=\"2048\" height=\"1583\" src=\"https:\/\/naturapack.net\/wp-content\/uploads\/2019\/02\/DSC08753-Bearbeitet.jpg\" class=\"attachment-full\" alt=\"\" srcset=\"https:\/\/naturapack.net\/wp-content\/uploads\/2019\/02\/DSC08753-Bearbeitet.jpg 2048w, https:\/\/naturapack.net\/wp-content\/uploads\/2019\/02\/DSC08753-Bearbeitet-300x232.jpg 300w, https:\/\/naturapack.net\/wp-content\/uploads\/2019\/02\/DSC08753-Bearbeitet-768x594.jpg 768w, https:\/\/naturapack.net\/wp-content\/uploads\/2019\/02\/DSC08753-Bearbeitet-1024x792.jpg 1024w\" sizes=\"(max-width: 2048px) 100vw, 2048px\" \/><\/a><\/div><div class=\"spacer\" style=\"height: 1px;\"><\/div>[\/vc_column][\/vc_row][vc_row][vc_column width=&#8220;1\/3&#8243;]<div class=\"single_image wpb_content_element align-left    \" data-animation=\"none\" data-delay=\"0\"><a href=\"https:\/\/naturapack.net\/wp-content\/uploads\/2019\/02\/DSC08760-Bearbeitet.jpg\" class=\"prettyPhoto\" rel=\"prettyPhoto[image]\"><img loading=\"lazy\" decoding=\"async\" width=\"2048\" height=\"1583\" src=\"https:\/\/naturapack.net\/wp-content\/uploads\/2019\/02\/DSC08760-Bearbeitet.jpg\" class=\"attachment-full\" alt=\"\" srcset=\"https:\/\/naturapack.net\/wp-content\/uploads\/2019\/02\/DSC08760-Bearbeitet.jpg 2048w, https:\/\/naturapack.net\/wp-content\/uploads\/2019\/02\/DSC08760-Bearbeitet-300x232.jpg 300w, https:\/\/naturapack.net\/wp-content\/uploads\/2019\/02\/DSC08760-Bearbeitet-768x594.jpg 768w, https:\/\/naturapack.net\/wp-content\/uploads\/2019\/02\/DSC08760-Bearbeitet-1024x792.jpg 1024w\" sizes=\"(max-width: 2048px) 100vw, 2048px\" \/><\/a><\/div><div class=\"spacer\" style=\"height: 1px;\"><\/div>[\/vc_column][vc_column width=&#8220;1\/3&#8243;]<div class=\"single_image wpb_content_element align-left    \" data-animation=\"none\" data-delay=\"0\"><a href=\"https:\/\/naturapack.net\/wp-content\/uploads\/2019\/02\/DSC08779-Bearbeitet.jpg\" class=\"prettyPhoto\" rel=\"prettyPhoto[image]\"><img loading=\"lazy\" decoding=\"async\" width=\"2048\" height=\"1583\" src=\"https:\/\/naturapack.net\/wp-content\/uploads\/2019\/02\/DSC08779-Bearbeitet.jpg\" class=\"attachment-full\" alt=\"\" srcset=\"https:\/\/naturapack.net\/wp-content\/uploads\/2019\/02\/DSC08779-Bearbeitet.jpg 2048w, https:\/\/naturapack.net\/wp-content\/uploads\/2019\/02\/DSC08779-Bearbeitet-300x232.jpg 300w, https:\/\/naturapack.net\/wp-content\/uploads\/2019\/02\/DSC08779-Bearbeitet-768x594.jpg 768w, https:\/\/naturapack.net\/wp-content\/uploads\/2019\/02\/DSC08779-Bearbeitet-1024x792.jpg 1024w\" sizes=\"(max-width: 2048px) 100vw, 2048px\" \/><\/a><\/div><div class=\"spacer\" style=\"height: 1px;\"><\/div>[\/vc_column][vc_column width=&#8220;1\/3&#8243;]<div class=\"single_image wpb_content_element align-left    \" data-animation=\"none\" data-delay=\"0\"><a href=\"https:\/\/naturapack.net\/wp-content\/uploads\/2019\/02\/DSC08780-Bearbeitet.jpg\" class=\"prettyPhoto\" rel=\"prettyPhoto[image]\"><img loading=\"lazy\" decoding=\"async\" width=\"2048\" height=\"1582\" src=\"https:\/\/naturapack.net\/wp-content\/uploads\/2019\/02\/DSC08780-Bearbeitet.jpg\" class=\"attachment-full\" alt=\"\" srcset=\"https:\/\/naturapack.net\/wp-content\/uploads\/2019\/02\/DSC08780-Bearbeitet.jpg 2048w, https:\/\/naturapack.net\/wp-content\/uploads\/2019\/02\/DSC08780-Bearbeitet-300x232.jpg 300w, https:\/\/naturapack.net\/wp-content\/uploads\/2019\/02\/DSC08780-Bearbeitet-768x593.jpg 768w, https:\/\/naturapack.net\/wp-content\/uploads\/2019\/02\/DSC08780-Bearbeitet-1024x791.jpg 1024w\" sizes=\"(max-width: 2048px) 100vw, 2048px\" \/><\/a><\/div><div class=\"spacer\" style=\"height: 1px;\"><\/div>[\/vc_column][\/vc_row]<\/p>\n","protected":false},"excerpt":{"rendered":"<p>[vc_row][vc_column width=&#8220;1\/1&#8243;][\/vc_column][\/vc_row][vc_row][vc_column width=&#8220;1\/3&#8243;][\/vc_column][vc_column width=&#8220;1\/3&#8243;][\/vc_column][vc_column width=&#8220;1\/3&#8243;][\/vc_column][\/vc_row][vc_row][vc_column width=&#8220;1\/3&#8243;][\/vc_column][vc_column width=&#8220;1\/3&#8243;][\/vc_column][vc_column width=&#8220;1\/3&#8243;][\/vc_column][\/vc_row]<\/p>\n","protected":false},"author":1,"featured_media":0,"parent":0,"menu_order":0,"comment_status":"closed","ping_status":"closed","template":"","meta":{"_bbp_topic_count":0,"_bbp_reply_count":0,"_bbp_total_topic_count":0,"_bbp_total_reply_count":0,"_bbp_voice_count":0,"_bbp_anonymous_reply_count":0,"_bbp_topic_count_hidden":0,"_bbp_reply_count_hidden":0,"_bbp_forum_subforum_count":0,"footnotes":""},"_links":{"self":[{"href":"https:\/\/naturapack.net\/de\/wp-json\/wp\/v2\/pages\/17440"}],"collection":[{"href":"https:\/\/naturapack.net\/de\/wp-json\/wp\/v2\/pages"}],"about":[{"href":"https:\/\/naturapack.net\/de\/wp-json\/wp\/v2\/types\/page"}],"author":[{"embeddable":true,"href":"https:\/\/naturapack.net\/de\/wp-json\/wp\/v2\/users\/1"}],"replies":[{"embeddable":true,"href":"https:\/\/naturapack.net\/de\/wp-json\/wp\/v2\/comments?post=17440"}],"version-history":[{"count":0,"href":"https:\/\/naturapack.net\/de\/wp-json\/wp\/v2\/pages\/17440\/revisions"}],"wp:attachment":[{"href":"https:\/\/naturapack.net\/de\/wp-json\/wp\/v2\/media?parent=17440"}],"curies":[{"name":"wp","href":"https:\/\/api.w.org\/{rel}","templated":true}]}}