{"id":17444,"date":"2015-01-06T16:48:30","date_gmt":"2015-01-06T16:48:30","guid":{"rendered":"http:\/\/naturapack.net\/servizi\/"},"modified":"2019-01-07T07:16:04","modified_gmt":"2019-01-07T07:16:04","slug":"leistungen","status":"publish","type":"page","link":"https:\/\/naturapack.net\/de\/leistungen\/","title":{"rendered":"Leistungen"},"content":{"rendered":"<p>[vc_row bg_color=&#8220;#f9f9f9&#8243; top_padding=&#8220;100&#8243; bottom_padding=&#8220;100&#8243;][vc_column width=&#8220;1\/1&#8243;]<h1 class=\"headline font-inherit fontsize-xxxxxl fontweight-300 lh-13 align-left transform-inherit \" style=\"margin: 0 0 40px 0; color: #34b233;\">Naturapack bietet personalisierte<br \/>\nZusatzleistungen und<br \/>\nVerpackungen an.<\/h1><div class=\"headline font-inherit fontsize-m fontweight-400 lh-inherit align-left transform-inherit \" style=\"margin: 0; color: #999999;\">Naturapack und das Team stehen Ihnen f\u00fcr Ihre Fragen zur Verf\u00fcgung und werden Ihnen bei der Verpackungsgestaltung beratend zur Seite stehen. Ob es sich um eine Verpackung handelt, die ausschlie\u00dflich f\u00fcr den Transport von Waren bestimmt ist, oder um eine Verpackung, die von Grund auf f\u00fcr ein neues Produkt entwickelt wurde, Naturapack begleitet Sie von Anfang an und versucht, zusammen die richtigen L\u00f6sungen zu finden.<\/div>[\/vc_column][\/vc_row][vc_row type=&#8220;full_width_section&#8220; row_id=&#8220;features&#8220; bg_position=&#8220;left top&#8220;][vc_column bg_color=&#8220;#FFA02F&#8220; column_padding=&#8220;padding-5&#8243; text_color=&#8220;custom&#8220; custom_text_color=&#8220;#44bdbd&#8220; width=&#8220;2\/3&#8243;]<h1 class=\"headline font-inherit fontsize-xxxxxl fontweight-300 lh-13 align-left transform-inherit \" style=\"margin: 0 0 40px 0; color: #ffffff;\">Individuelles Verpackungsdesign<\/h1><div class=\"headline font-inherit fontsize-m fontweight-400 lh-inherit align-left transform-inherit \" style=\"margin: 0; color: #ffffff;\">Individuelles Design ist unerl\u00e4sslich, wenn Sie ein neues Produkt auf den Markt bringen wollen. Die Verpackung ist der erste Eindruck, den der Kunde von dem Produkt hat. Die Kaufentscheidung wird stark von der Produktverpackung, der Form, der Farbe und den freien Assoziationen des Benutzers beeinflusst. Auch wenn das Produkt nicht neu ist, k\u00f6nnen Sie f\u00fcr ein Re-Design der Verpackung sorgen. Unser Team ist bereit, Sie bei der Wahl der richtigen Strategie umfassend zu unterst\u00fctzen.<\/div>[\/vc_column][vc_column bg_color=&#8220;#d3cbbc&#8220; column_padding=&#8220;padding-5&#8243; column_center=&#8220;true&#8220; text_color=&#8220;light&#8220; width=&#8220;1\/3&#8243;]<div class=\"single_image wpb_content_element align-left    \" data-animation=\"none\" data-delay=\"0\"><img loading=\"lazy\" decoding=\"async\" width=\"2000\" height=\"1208\" src=\"https:\/\/naturapack.net\/wp-content\/uploads\/2016\/02\/icone-materiali-dolomitopack-07.png\" class=\"attachment-full\" alt=\"\" srcset=\"https:\/\/naturapack.net\/wp-content\/uploads\/2016\/02\/icone-materiali-dolomitopack-07.png 2000w, https:\/\/naturapack.net\/wp-content\/uploads\/2016\/02\/icone-materiali-dolomitopack-07-300x181.png 300w, https:\/\/naturapack.net\/wp-content\/uploads\/2016\/02\/icone-materiali-dolomitopack-07-768x464.png 768w, https:\/\/naturapack.net\/wp-content\/uploads\/2016\/02\/icone-materiali-dolomitopack-07-1024x618.png 1024w\" sizes=\"(max-width: 2000px) 100vw, 2000px\" \/><\/div>[\/vc_column][\/vc_row][vc_row type=&#8220;full_width_section&#8220; row_id=&#8220;features&#8220; bg_position=&#8220;left top&#8220;][vc_column bg_color=&#8220;#d3cbbc&#8220; column_padding=&#8220;padding-5&#8243; text_color=&#8220;custom&#8220; custom_text_color=&#8220;#44bdbd&#8220; width=&#8220;1\/3&#8243;]<div class=\"single_image wpb_content_element align-center    \" data-animation=\"none\" data-delay=\"0\"><img loading=\"lazy\" decoding=\"async\" width=\"2004\" height=\"1208\" src=\"https:\/\/naturapack.net\/wp-content\/uploads\/2016\/02\/icone-materiali-dolomitopack-09.png\" class=\"attachment-full\" alt=\"\" srcset=\"https:\/\/naturapack.net\/wp-content\/uploads\/2016\/02\/icone-materiali-dolomitopack-09.png 2004w, https:\/\/naturapack.net\/wp-content\/uploads\/2016\/02\/icone-materiali-dolomitopack-09-300x181.png 300w, https:\/\/naturapack.net\/wp-content\/uploads\/2016\/02\/icone-materiali-dolomitopack-09-768x463.png 768w, https:\/\/naturapack.net\/wp-content\/uploads\/2016\/02\/icone-materiali-dolomitopack-09-1024x617.png 1024w\" sizes=\"(max-width: 2004px) 100vw, 2004px\" \/><\/div>[\/vc_column][vc_column bg_color=&#8220;#34b233&#8243; column_padding=&#8220;padding-5&#8243; column_center=&#8220;true&#8220; text_color=&#8220;light&#8220; width=&#8220;2\/3&#8243;]<h1 class=\"headline font-inherit fontsize-xxxxxl fontweight-300 lh-13 align-left transform-inherit \" style=\"margin: 0 0 40px 0; color: #ffffff;\">Individuelle Grafiken und Layouts<\/h1><div class=\"headline font-inherit fontsize-m fontweight-400 lh-inherit align-left transform-inherit \" style=\"margin: 0; color: #ffffff;\">Unter individuellen Grafiken verstehen wir das einfache Hinzuf\u00fcgen des Logos oder der Marke zu einer Standardverpackung. Die Anpassung der Verpackung umfasst auch das Einf\u00fcgen von Texten, die \u00dcberpr\u00fcfung der Form des Logos und die Anordnung der Farben. Unsere Mitarbeiter stehen den Kunden f\u00fcr \u00c4nderungen und Abkl\u00e4rungen zum Endergebnis zur Verf\u00fcgung.<\/div>[\/vc_column][\/vc_row][vc_row type=&#8220;full_width_section&#8220; row_id=&#8220;features&#8220; bg_position=&#8220;left top&#8220;][vc_column bg_color=&#8220;#ffa02f&#8220; column_padding=&#8220;padding-5&#8243; text_color=&#8220;custom&#8220; custom_text_color=&#8220;#44bdbd&#8220; width=&#8220;2\/3&#8243;]<h1 class=\"headline font-inherit fontsize-xxxxxl fontweight-300 lh-13 align-left transform-inherit \" style=\"margin: 0 0 40px 0; color: #ffffff;\">Versand und Verpackung<\/h1><div class=\"headline font-inherit fontsize-m fontweight-400 lh-inherit align-left transform-inherit \" style=\"margin: 0; color: #ffffff;\">Naturapack bietet seinen Kunden die Qualit\u00e4t der besten Materialien, eine individuelle Gestaltung, aber auch die Gestaltung der Schachteln. Auf Absprache \u00fcbernimmt Naturapack den Transport.<\/div>[\/vc_column][vc_column bg_color=&#8220;#d3cbbc&#8220; column_padding=&#8220;padding-5&#8243; column_center=&#8220;true&#8220; text_color=&#8220;light&#8220; width=&#8220;1\/3&#8243;]<div class=\"single_image wpb_content_element align-left    \" data-animation=\"none\" data-delay=\"0\"><img loading=\"lazy\" decoding=\"async\" width=\"2004\" height=\"1208\" src=\"https:\/\/naturapack.net\/wp-content\/uploads\/2015\/01\/icone-materiali-dolomitopack-10.png\" class=\"attachment-full\" alt=\"\" srcset=\"https:\/\/naturapack.net\/wp-content\/uploads\/2015\/01\/icone-materiali-dolomitopack-10.png 2004w, https:\/\/naturapack.net\/wp-content\/uploads\/2015\/01\/icone-materiali-dolomitopack-10-300x181.png 300w, https:\/\/naturapack.net\/wp-content\/uploads\/2015\/01\/icone-materiali-dolomitopack-10-768x463.png 768w, https:\/\/naturapack.net\/wp-content\/uploads\/2015\/01\/icone-materiali-dolomitopack-10-1024x617.png 1024w\" sizes=\"(max-width: 2004px) 100vw, 2004px\" \/><\/div>[\/vc_column][\/vc_row]<\/p>\n","protected":false},"excerpt":{"rendered":"<p>[vc_row bg_color=&#8220;#f9f9f9&#8243; top_padding=&#8220;100&#8243; bottom_padding=&#8220;100&#8243;][vc_column width=&#8220;1\/1&#8243;][\/vc_column][\/vc_row][vc_row type=&#8220;full_width_section&#8220; row_id=&#8220;features&#8220; bg_position=&#8220;left top&#8220;][vc_column bg_color=&#8220;#FFA02F&#8220; column_padding=&#8220;padding-5&#8243; text_color=&#8220;custom&#8220; custom_text_color=&#8220;#44bdbd&#8220; width=&#8220;2\/3&#8243;][\/vc_column][vc_column bg_color=&#8220;#d3cbbc&#8220; column_padding=&#8220;padding-5&#8243; column_center=&#8220;true&#8220; text_color=&#8220;light&#8220; width=&#8220;1\/3&#8243;][\/vc_column][\/vc_row][vc_row type=&#8220;full_width_section&#8220; row_id=&#8220;features&#8220; bg_position=&#8220;left top&#8220;][vc_column bg_color=&#8220;#d3cbbc&#8220; column_padding=&#8220;padding-5&#8243; text_color=&#8220;custom&#8220; custom_text_color=&#8220;#44bdbd&#8220; width=&#8220;1\/3&#8243;][\/vc_column][vc_column bg_color=&#8220;#34b233&#8243; column_padding=&#8220;padding-5&#8243; column_center=&#8220;true&#8220; text_color=&#8220;light&#8220; width=&#8220;2\/3&#8243;][\/vc_column][\/vc_row][vc_row type=&#8220;full_width_section&#8220; row_id=&#8220;features&#8220; bg_position=&#8220;left top&#8220;][vc_column bg_color=&#8220;#ffa02f&#8220; column_padding=&#8220;padding-5&#8243; text_color=&#8220;custom&#8220; custom_text_color=&#8220;#44bdbd&#8220; width=&#8220;2\/3&#8243;][\/vc_column][vc_column bg_color=&#8220;#d3cbbc&#8220; column_padding=&#8220;padding-5&#8243; column_center=&#8220;true&#8220; text_color=&#8220;light&#8220; width=&#8220;1\/3&#8243;][\/vc_column][\/vc_row]<\/p>\n","protected":false},"author":1,"featured_media":0,"parent":0,"menu_order":0,"comment_status":"open","ping_status":"open","template":"","meta":{"_bbp_topic_count":0,"_bbp_reply_count":0,"_bbp_total_topic_count":0,"_bbp_total_reply_count":0,"_bbp_voice_count":0,"_bbp_anonymous_reply_count":0,"_bbp_topic_count_hidden":0,"_bbp_reply_count_hidden":0,"_bbp_forum_subforum_count":0,"footnotes":""},"_links":{"self":[{"href":"https:\/\/naturapack.net\/de\/wp-json\/wp\/v2\/pages\/17444"}],"collection":[{"href":"https:\/\/naturapack.net\/de\/wp-json\/wp\/v2\/pages"}],"about":[{"href":"https:\/\/naturapack.net\/de\/wp-json\/wp\/v2\/types\/page"}],"author":[{"embeddable":true,"href":"https:\/\/naturapack.net\/de\/wp-json\/wp\/v2\/users\/1"}],"replies":[{"embeddable":true,"href":"https:\/\/naturapack.net\/de\/wp-json\/wp\/v2\/comments?post=17444"}],"version-history":[{"count":0,"href":"https:\/\/naturapack.net\/de\/wp-json\/wp\/v2\/pages\/17444\/revisions"}],"wp:attachment":[{"href":"https:\/\/naturapack.net\/de\/wp-json\/wp\/v2\/media?parent=17444"}],"curies":[{"name":"wp","href":"https:\/\/api.w.org\/{rel}","templated":true}]}}