{"id":17446,"date":"2014-07-04T09:36:56","date_gmt":"2014-07-04T09:36:56","guid":{"rendered":"http:\/\/naturapack.net\/su-di-noi\/"},"modified":"2023-03-15T06:29:04","modified_gmt":"2023-03-15T06:29:04","slug":"ueber-uns","status":"publish","type":"page","link":"https:\/\/naturapack.net\/de\/ueber-uns\/","title":{"rendered":"\u00dcber uns"},"content":{"rendered":"<p>[vc_row type=&#8220;full_width_section&#8220; text_align=&#8220;center&#8220; full_height=&#8220;true&#8220; content_placement=&#8220;top&#8220;][vc_column width=&#8220;1\/1&#8243;]<div class=\"flexslider wpb_content_element\"><ul class=\"slides\"><li><img decoding=\"async\" src=\"https:\/\/naturapack.net\/wp-content\/uploads\/2019\/02\/NATURPACK_LL_-55-von-126.jpg\" alt=\"\" \/><\/li><li><img decoding=\"async\" src=\"https:\/\/naturapack.net\/wp-content\/uploads\/2019\/02\/NATURPACK_LL_-108-von-126.jpg\" alt=\"\" \/><\/li><li><img decoding=\"async\" src=\"https:\/\/naturapack.net\/wp-content\/uploads\/2019\/02\/NATURPACK_LL_-79-von-126.jpg\" alt=\"\" \/><\/li><li><img decoding=\"async\" src=\"https:\/\/naturapack.net\/wp-content\/uploads\/2019\/02\/NATURPACK_LL_-101-von-126.jpg\" alt=\"\" \/><\/li><\/ul><\/div><div class=\"spacer\" style=\"height: 40px;\"><\/div>[\/vc_column][\/vc_row][vc_row text_align=&#8220;center&#8220;][vc_column width=&#8220;1\/1&#8243;]<h1 class=\"headline font-inherit fontsize-xxxxxl fontweight-300 lh-inherit align-center transform-inherit \" style=\"margin: 0 0 20px 0; color: #34b233;\">Firmenkonzept<\/h1><h1 class=\"headline font-inherit fontsize-m fontweight-400 lh-inherit align-center transform-inherit \" style=\"margin: 0 0 20px 0; color: #999999;\">Naturapack ist sich seiner Verantwortung gegen\u00fcber der Natur bewusst und hat es geschafft, seine Prinzipien und Ziele vollst\u00e4ndig in das Unternehmenskonzept zu integrieren.<\/p>\n<p>Zahlreiche Umweltma\u00dfnahmen wurden bereits ergriffen, aber wir arbeiten an weiteren Projekten und engagieren uns t\u00e4glich f\u00fcr die Verwirklichung umweltfreundlicher Verpackungsmaterialien.<\/h1><div class=\"spacer\" style=\"height: 30px;\"><\/div>[\/vc_column][\/vc_row][vc_row text_align=&#8220;center&#8220;][vc_column width=&#8220;1\/1&#8243;]<h1 class=\"headline font-inherit fontsize-xxxxxl fontweight-300 lh-inherit align-center transform-inherit \" style=\"margin: 0 0 20px 0; color: #34b233;\">Zertifikate<\/h1>[\/vc_column][\/vc_row][vc_row][vc_column width=&#8220;1\/3&#8243;][\/vc_column][vc_column width=&#8220;1\/3&#8243;]<div class=\"single_image wpb_content_element align-center    \" data-animation=\"none\" data-delay=\"0\"><a href=\"https:\/\/naturapack.net\/wp-content\/uploads\/2020\/10\/naturapack-ein-unternehmen-aus-su\u0308dtirol-brcgs-zertificzierung.jpg\" class=\"prettyPhoto\" rel=\"prettyPhoto[image]\"><img loading=\"lazy\" decoding=\"async\" width=\"1123\" height=\"1356\" src=\"https:\/\/naturapack.net\/wp-content\/uploads\/2020\/10\/naturapack-ein-unternehmen-aus-su\u0308dtirol-brcgs-zertificzierung.jpg\" class=\"attachment-full\" alt=\"\" srcset=\"https:\/\/naturapack.net\/wp-content\/uploads\/2020\/10\/naturapack-ein-unternehmen-aus-su\u0308dtirol-brcgs-zertificzierung.jpg 1123w, https:\/\/naturapack.net\/wp-content\/uploads\/2020\/10\/naturapack-ein-unternehmen-aus-su\u0308dtirol-brcgs-zertificzierung-248x300.jpg 248w, https:\/\/naturapack.net\/wp-content\/uploads\/2020\/10\/naturapack-ein-unternehmen-aus-su\u0308dtirol-brcgs-zertificzierung-768x927.jpg 768w, https:\/\/naturapack.net\/wp-content\/uploads\/2020\/10\/naturapack-ein-unternehmen-aus-su\u0308dtirol-brcgs-zertificzierung-848x1024.jpg 848w\" sizes=\"(max-width: 1123px) 100vw, 1123px\" \/><\/a><\/div><div class=\"spacer\" style=\"height: 20px;\"><\/div>[\/vc_column][vc_column width=&#8220;1\/3&#8243;][\/vc_column][\/vc_row][vc_row text_align=&#8220;center&#8220;][vc_column width=&#8220;1\/1&#8243;]<div class=\"single_image wpb_content_element align-left    \" data-animation=\"none\" data-delay=\"0\"><\/div><h1 class=\"headline font-inherit fontsize-xxxxxl fontweight-300 lh-inherit align-center transform-inherit \" style=\"margin: 0 0 20px 0; color: #34b233;\">Showroom<\/h1><h1 class=\"headline font-inherit fontsize-m fontweight-400 lh-inherit align-center transform-inherit \" style=\"margin: 0 0 20px 0; color: #999999;\">Besuchen Sie uns pers\u00f6nlich und werfen Sie einen Blick auf unsere Ausstellungsfl\u00e4che! Sie haben die M\u00f6glichkeit, einen Teil unserer Leistungen, Verpackungen, Kartons, zu begutachten und mit eigenen H\u00e4nden zu ber\u00fchren.<\/h1><div class=\"spacer\" style=\"height: 30px;\"><\/div>[\/vc_column][\/vc_row][vc_row text_align=&#8220;center&#8220;][vc_column width=&#8220;1\/1&#8243;][vc_row_inner][vc_column_inner width=&#8220;1\/3&#8243;]<div class=\"single_image wpb_content_element align-left    \" data-animation=\"none\" data-delay=\"0\"><a href=\"https:\/\/naturapack.net\/wp-content\/uploads\/2019\/02\/NATURPACK_LL_-91-von-126.jpg\" class=\"prettyPhoto\" rel=\"prettyPhoto[image]\"><img loading=\"lazy\" decoding=\"async\" width=\"2048\" height=\"1366\" src=\"https:\/\/naturapack.net\/wp-content\/uploads\/2019\/02\/NATURPACK_LL_-91-von-126.jpg\" class=\"attachment-full\" alt=\"\" srcset=\"https:\/\/naturapack.net\/wp-content\/uploads\/2019\/02\/NATURPACK_LL_-91-von-126.jpg 2048w, https:\/\/naturapack.net\/wp-content\/uploads\/2019\/02\/NATURPACK_LL_-91-von-126-300x200.jpg 300w, https:\/\/naturapack.net\/wp-content\/uploads\/2019\/02\/NATURPACK_LL_-91-von-126-768x512.jpg 768w, https:\/\/naturapack.net\/wp-content\/uploads\/2019\/02\/NATURPACK_LL_-91-von-126-1024x683.jpg 1024w, https:\/\/naturapack.net\/wp-content\/uploads\/2019\/02\/NATURPACK_LL_-91-von-126-600x400.jpg 600w\" sizes=\"(max-width: 2048px) 100vw, 2048px\" \/><\/a><\/div>[\/vc_column_inner][vc_column_inner width=&#8220;1\/3&#8243;]<div class=\"single_image wpb_content_element align-left    \" data-animation=\"none\" data-delay=\"0\"><a href=\"https:\/\/naturapack.net\/wp-content\/uploads\/2019\/02\/NATURPACK_LL_-95-von-126.jpg\" class=\"prettyPhoto\" rel=\"prettyPhoto[image]\"><img loading=\"lazy\" decoding=\"async\" width=\"2048\" height=\"1366\" src=\"https:\/\/naturapack.net\/wp-content\/uploads\/2019\/02\/NATURPACK_LL_-95-von-126.jpg\" class=\"attachment-full\" alt=\"\" srcset=\"https:\/\/naturapack.net\/wp-content\/uploads\/2019\/02\/NATURPACK_LL_-95-von-126.jpg 2048w, https:\/\/naturapack.net\/wp-content\/uploads\/2019\/02\/NATURPACK_LL_-95-von-126-300x200.jpg 300w, https:\/\/naturapack.net\/wp-content\/uploads\/2019\/02\/NATURPACK_LL_-95-von-126-768x512.jpg 768w, https:\/\/naturapack.net\/wp-content\/uploads\/2019\/02\/NATURPACK_LL_-95-von-126-1024x683.jpg 1024w, https:\/\/naturapack.net\/wp-content\/uploads\/2019\/02\/NATURPACK_LL_-95-von-126-600x400.jpg 600w\" sizes=\"(max-width: 2048px) 100vw, 2048px\" \/><\/a><\/div>[\/vc_column_inner][vc_column_inner width=&#8220;1\/3&#8243;]<div class=\"single_image wpb_content_element align-left    \" data-animation=\"none\" data-delay=\"0\"><a href=\"https:\/\/naturapack.net\/wp-content\/uploads\/2019\/02\/NATURPACK_LL_-96-von-126.jpg\" class=\"prettyPhoto\" rel=\"prettyPhoto[image]\"><img loading=\"lazy\" decoding=\"async\" width=\"2048\" height=\"1366\" src=\"https:\/\/naturapack.net\/wp-content\/uploads\/2019\/02\/NATURPACK_LL_-96-von-126.jpg\" class=\"attachment-full\" alt=\"\" srcset=\"https:\/\/naturapack.net\/wp-content\/uploads\/2019\/02\/NATURPACK_LL_-96-von-126.jpg 2048w, https:\/\/naturapack.net\/wp-content\/uploads\/2019\/02\/NATURPACK_LL_-96-von-126-300x200.jpg 300w, https:\/\/naturapack.net\/wp-content\/uploads\/2019\/02\/NATURPACK_LL_-96-von-126-768x512.jpg 768w, https:\/\/naturapack.net\/wp-content\/uploads\/2019\/02\/NATURPACK_LL_-96-von-126-1024x683.jpg 1024w, https:\/\/naturapack.net\/wp-content\/uploads\/2019\/02\/NATURPACK_LL_-96-von-126-600x400.jpg 600w\" sizes=\"(max-width: 2048px) 100vw, 2048px\" \/><\/a><\/div>[\/vc_column_inner][\/vc_row_inner]<div class=\"spacer\" style=\"height: 40px;\"><\/div>[vc_row_inner][vc_column_inner width=&#8220;1\/3&#8243;]<div class=\"single_image wpb_content_element align-left    \" data-animation=\"none\" data-delay=\"0\"><a href=\"https:\/\/naturapack.net\/wp-content\/uploads\/2019\/02\/NATURPACK_LL_-101-von-126.jpg\" class=\"prettyPhoto\" rel=\"prettyPhoto[image]\"><img loading=\"lazy\" decoding=\"async\" width=\"2048\" height=\"1366\" src=\"https:\/\/naturapack.net\/wp-content\/uploads\/2019\/02\/NATURPACK_LL_-101-von-126.jpg\" class=\"attachment-full\" alt=\"\" srcset=\"https:\/\/naturapack.net\/wp-content\/uploads\/2019\/02\/NATURPACK_LL_-101-von-126.jpg 2048w, https:\/\/naturapack.net\/wp-content\/uploads\/2019\/02\/NATURPACK_LL_-101-von-126-300x200.jpg 300w, https:\/\/naturapack.net\/wp-content\/uploads\/2019\/02\/NATURPACK_LL_-101-von-126-768x512.jpg 768w, https:\/\/naturapack.net\/wp-content\/uploads\/2019\/02\/NATURPACK_LL_-101-von-126-1024x683.jpg 1024w, https:\/\/naturapack.net\/wp-content\/uploads\/2019\/02\/NATURPACK_LL_-101-von-126-600x400.jpg 600w\" sizes=\"(max-width: 2048px) 100vw, 2048px\" \/><\/a><\/div>[\/vc_column_inner][vc_column_inner width=&#8220;1\/3&#8243;]<div class=\"single_image wpb_content_element align-left    \" data-animation=\"none\" data-delay=\"0\"><a href=\"https:\/\/naturapack.net\/wp-content\/uploads\/2019\/02\/NATURPACK_LL_-99-von-126.jpg\" class=\"prettyPhoto\" rel=\"prettyPhoto[image]\"><img loading=\"lazy\" decoding=\"async\" width=\"2048\" height=\"1366\" src=\"https:\/\/naturapack.net\/wp-content\/uploads\/2019\/02\/NATURPACK_LL_-99-von-126.jpg\" class=\"attachment-full\" alt=\"\" srcset=\"https:\/\/naturapack.net\/wp-content\/uploads\/2019\/02\/NATURPACK_LL_-99-von-126.jpg 2048w, https:\/\/naturapack.net\/wp-content\/uploads\/2019\/02\/NATURPACK_LL_-99-von-126-300x200.jpg 300w, https:\/\/naturapack.net\/wp-content\/uploads\/2019\/02\/NATURPACK_LL_-99-von-126-768x512.jpg 768w, https:\/\/naturapack.net\/wp-content\/uploads\/2019\/02\/NATURPACK_LL_-99-von-126-1024x683.jpg 1024w, https:\/\/naturapack.net\/wp-content\/uploads\/2019\/02\/NATURPACK_LL_-99-von-126-600x400.jpg 600w\" sizes=\"(max-width: 2048px) 100vw, 2048px\" \/><\/a><\/div>[\/vc_column_inner][vc_column_inner width=&#8220;1\/3&#8243;]<div class=\"single_image wpb_content_element align-left    \" data-animation=\"none\" data-delay=\"0\"><a href=\"https:\/\/naturapack.net\/wp-content\/uploads\/2019\/02\/NATURPACK_LL_-98-von-126.jpg\" class=\"prettyPhoto\" rel=\"prettyPhoto[image]\"><img loading=\"lazy\" decoding=\"async\" width=\"2048\" height=\"1366\" src=\"https:\/\/naturapack.net\/wp-content\/uploads\/2019\/02\/NATURPACK_LL_-98-von-126.jpg\" class=\"attachment-full\" alt=\"\" srcset=\"https:\/\/naturapack.net\/wp-content\/uploads\/2019\/02\/NATURPACK_LL_-98-von-126.jpg 2048w, https:\/\/naturapack.net\/wp-content\/uploads\/2019\/02\/NATURPACK_LL_-98-von-126-300x200.jpg 300w, https:\/\/naturapack.net\/wp-content\/uploads\/2019\/02\/NATURPACK_LL_-98-von-126-768x512.jpg 768w, https:\/\/naturapack.net\/wp-content\/uploads\/2019\/02\/NATURPACK_LL_-98-von-126-1024x683.jpg 1024w, https:\/\/naturapack.net\/wp-content\/uploads\/2019\/02\/NATURPACK_LL_-98-von-126-600x400.jpg 600w\" sizes=\"(max-width: 2048px) 100vw, 2048px\" \/><\/a><\/div>[\/vc_column_inner][\/vc_row_inner]<div class=\"spacer\" style=\"height: 90px;\"><\/div>[\/vc_column][\/vc_row]<\/p>\n","protected":false},"excerpt":{"rendered":"<p>[vc_row type=&#8220;full_width_section&#8220; text_align=&#8220;center&#8220; full_height=&#8220;true&#8220; content_placement=&#8220;top&#8220;][vc_column width=&#8220;1\/1&#8243;][\/vc_column][\/vc_row][vc_row text_align=&#8220;center&#8220;][vc_column width=&#8220;1\/1&#8243;][\/vc_column][\/vc_row][vc_row text_align=&#8220;center&#8220;][vc_column width=&#8220;1\/1&#8243;][\/vc_column][\/vc_row][vc_row][vc_column width=&#8220;1\/3&#8243;][\/vc_column][vc_column width=&#8220;1\/3&#8243;][\/vc_column][vc_column width=&#8220;1\/3&#8243;][\/vc_column][\/vc_row][vc_row text_align=&#8220;center&#8220;][vc_column width=&#8220;1\/1&#8243;][\/vc_column][\/vc_row][vc_row text_align=&#8220;center&#8220;][vc_column width=&#8220;1\/1&#8243;][vc_row_inner][vc_column_inner width=&#8220;1\/3&#8243;][\/vc_column_inner][vc_column_inner width=&#8220;1\/3&#8243;][\/vc_column_inner][vc_column_inner width=&#8220;1\/3&#8243;][\/vc_column_inner][\/vc_row_inner][vc_row_inner][vc_column_inner width=&#8220;1\/3&#8243;][\/vc_column_inner][vc_column_inner width=&#8220;1\/3&#8243;][\/vc_column_inner][vc_column_inner width=&#8220;1\/3&#8243;][\/vc_column_inner][\/vc_row_inner][\/vc_column][\/vc_row]<\/p>\n","protected":false},"author":1,"featured_media":0,"parent":0,"menu_order":0,"comment_status":"open","ping_status":"open","template":"","meta":{"_bbp_topic_count":0,"_bbp_reply_count":0,"_bbp_total_topic_count":0,"_bbp_total_reply_count":0,"_bbp_voice_count":0,"_bbp_anonymous_reply_count":0,"_bbp_topic_count_hidden":0,"_bbp_reply_count_hidden":0,"_bbp_forum_subforum_count":0,"footnotes":""},"_links":{"self":[{"href":"https:\/\/naturapack.net\/de\/wp-json\/wp\/v2\/pages\/17446"}],"collection":[{"href":"https:\/\/naturapack.net\/de\/wp-json\/wp\/v2\/pages"}],"about":[{"href":"https:\/\/naturapack.net\/de\/wp-json\/wp\/v2\/types\/page"}],"author":[{"embeddable":true,"href":"https:\/\/naturapack.net\/de\/wp-json\/wp\/v2\/users\/1"}],"replies":[{"embeddable":true,"href":"https:\/\/naturapack.net\/de\/wp-json\/wp\/v2\/comments?post=17446"}],"version-history":[{"count":0,"href":"https:\/\/naturapack.net\/de\/wp-json\/wp\/v2\/pages\/17446\/revisions"}],"wp:attachment":[{"href":"https:\/\/naturapack.net\/de\/wp-json\/wp\/v2\/media?parent=17446"}],"curies":[{"name":"wp","href":"https:\/\/api.w.org\/{rel}","templated":true}]}}