{"id":18310,"date":"2018-08-21T07:34:56","date_gmt":"2018-08-21T07:34:56","guid":{"rendered":"https:\/\/naturapack.net\/prodotti-utili-per-limballaggio\/"},"modified":"2019-03-27T07:27:15","modified_gmt":"2019-03-27T07:27:15","slug":"nuetzliches-fuer-die-verpackung","status":"publish","type":"page","link":"https:\/\/naturapack.net\/de\/nuetzliches-fuer-die-verpackung\/","title":{"rendered":"N\u00fctzliches f\u00fcr die Verpackung"},"content":{"rendered":"<p>[vc_row type=&#8220;full_width_section&#8220; bg_color=&#8220;#f99d0d&#8220; text_color=&#8220;light&#8220; text_align=&#8220;center&#8220; top_padding=&#8220;50&#8243; bottom_padding=&#8220;50&#8243;][vc_column width=&#8220;1\/1&#8243;]<h1 class=\"headline font-special fontsize-xxxl fontweight-400 lh-inherit align-center transform-uppercase \" style=\" color: #ffffff;\">N\u00dcTZLICHES F\u00dcR DIE VERPACKUNG<\/h1>[\/vc_column][\/vc_row][vc_row top_padding=&#8220;30&#8243;][vc_column width=&#8220;1\/1&#8243;]\n\t<div class=\"portfolio-element\">\n\n\t\n\t\t<div class=\"portfolio-filters\" data-id=\"1714171428\">\n\t\t\t<div class=\"container\">\n\t\t\t\t<div class=\"sixteen columns clearfix\">\n\t\t\t\t\t\t\t\t\t\t\t<ul class=\"clearfix\">\n\t\t\t\t\t\t\t<li><a href=\"#\" data-filter=\"*\" class=\"filter-all active\">All<\/a><\/li>\t\n\t\t\t\t\t\t\t\t\t\t\t\t\t\t\t\t\t\t\t\t\t\t\t<li><a href=\"#\" data-filter=\".term-nutzliches-fur-die-verpackung\">N\u00fctzliches f\u00fcr die Verpackung<\/a><\/li>\n\t\t\t\t\t\t\t\t\t\t\t\t\t<\/ul>\n\t\t\t\t\t\t\t\t\t<\/div>\n\t\t\t<\/div>\n\t\t<\/div>\n\n\t\n\t\t\t<div class=\"container\">\n\t\n\t\t\t\t<div id=\"1714171428\" class=\"portfolio-items portfolio-default portfolio-overlay-icon clearfix\" data-id=\"1714171428\">  \n\t\t\t\t\t\n\t\t\t\t\t\t\n\t\t\t\t\t\t\n\t\t\t\t\t\n\t\t\t\t\t\t\t\t\t\t\t\t\t\t\n\t\t\t\t\t\t\t   \n\n\t\t\t\t\t\t\t<div class=\"term-nutzliches-fur-die-verpackung portfolio-item one-third column\">\n\t\t\t\t\t\t\t\t<div class=\"portfolio-image\"><a href=\"https:\/\/naturapack.net\/de\/portfolio-item\/spender-wickelfolie\/\" title=\"SPENDER WICKELFOLIE\"><div class=\"portfolio-image-img\"><img decoding=\"async\" src=\"https:\/\/naturapack.net\/wp-content\/uploads\/2019\/02\/DSC08757-Bearbeitet-600x400.jpg\" alt=\"SPENDER WICKELFOLIE\" \/><\/div><div class=\"portfolio-overlay overlay-icon\"><\/div><i class=\"icon-minti-plus\"><\/i><\/a><\/div>\n\t\t\t\t\t\t\t\t<h4><a href=\"https:\/\/naturapack.net\/de\/portfolio-item\/spender-wickelfolie\/\" title=\"SPENDER WICKELFOLIE\">SPENDER WICKELFOLIE<\/a><\/h4>\n\t\t\t\t\t\t\t\t<span class=\"portfolio-subtitle\"><\/span>\n\t\t\t\t\t\t\t<\/div>\n\n\t\t\t\t\t\t\t\t\t\t  \n\t\t\t\t\t\n\t\t\t\t\t\t\n\t\t\t\t\t\t\n\t\t\t\t\t\n\t\t\t\t\t\t\t\t\t\t\t\t\t\t\n\t\t\t\t\t\t\t   \n\n\t\t\t\t\t\t\t<div class=\"term-nutzliches-fur-die-verpackung portfolio-item one-third column\">\n\t\t\t\t\t\t\t\t<div class=\"portfolio-image\"><a href=\"https:\/\/naturapack.net\/de\/portfolio-item\/spender-klebestreifen\/\" title=\"SPENDER KLEBESTREIFEN\"><div class=\"portfolio-image-img\"><img decoding=\"async\" src=\"https:\/\/naturapack.net\/wp-content\/uploads\/2019\/02\/DSC08740-Bearbeitet-2-600x400.jpg\" alt=\"SPENDER KLEBESTREIFEN\" \/><\/div><div class=\"portfolio-overlay overlay-icon\"><\/div><i class=\"icon-minti-plus\"><\/i><\/a><\/div>\n\t\t\t\t\t\t\t\t<h4><a href=\"https:\/\/naturapack.net\/de\/portfolio-item\/spender-klebestreifen\/\" title=\"SPENDER KLEBESTREIFEN\">SPENDER KLEBESTREIFEN<\/a><\/h4>\n\t\t\t\t\t\t\t\t<span class=\"portfolio-subtitle\"><\/span>\n\t\t\t\t\t\t\t<\/div>\n\n\t\t\t\t\t\t\t\t\t\t  \n\t\t\t\t\t\n\t\t\t\t\t\t\n\t\t\t\t\t\t\n\t\t\t\t\t\n\t\t\t\t\t\t\t\t\t\t\t\t\t\t\n\t\t\t\t\t\t\t   \n\n\t\t\t\t\t\t\t<div class=\"term-nutzliches-fur-die-verpackung portfolio-item one-third column\">\n\t\t\t\t\t\t\t\t<div class=\"portfolio-image\"><a href=\"https:\/\/naturapack.net\/de\/portfolio-item\/wickelfolie\/\" title=\"WICKELFOLIE\"><div class=\"portfolio-image-img\"><img decoding=\"async\" src=\"https:\/\/naturapack.net\/wp-content\/uploads\/2019\/02\/DSC08757-Bearbeitet-600x400.jpg\" alt=\"WICKELFOLIE\" \/><\/div><div class=\"portfolio-overlay overlay-icon\"><\/div><i class=\"icon-minti-plus\"><\/i><\/a><\/div>\n\t\t\t\t\t\t\t\t<h4><a href=\"https:\/\/naturapack.net\/de\/portfolio-item\/wickelfolie\/\" title=\"WICKELFOLIE\">WICKELFOLIE<\/a><\/h4>\n\t\t\t\t\t\t\t\t<span class=\"portfolio-subtitle\"><\/span>\n\t\t\t\t\t\t\t<\/div>\n\n\t\t\t\t\t\t\t\t\t\t  \n\t\t\t\t\t\n\t\t\t\t\t\t\n\t\t\t\t\t\t\n\t\t\t\t\t\n\t\t\t\t\t\t\t\t\t\t\t\t\t\t\n\t\t\t\t\t\t\t   \n\n\t\t\t\t\t\t\t<div class=\"term-nutzliches-fur-die-verpackung portfolio-item one-third column\">\n\t\t\t\t\t\t\t\t<div class=\"portfolio-image\"><a href=\"https:\/\/naturapack.net\/de\/portfolio-item\/pluriball-luftblasenfolie\/\" title=\"PLURIBALL (LUFTBLASENFOLIE)\"><div class=\"portfolio-image-img\"><img decoding=\"async\" src=\"https:\/\/naturapack.net\/wp-content\/uploads\/2019\/02\/DSC08859-600x400.jpg\" alt=\"PLURIBALL (LUFTBLASENFOLIE)\" \/><\/div><div class=\"portfolio-overlay overlay-icon\"><\/div><i class=\"icon-minti-plus\"><\/i><\/a><\/div>\n\t\t\t\t\t\t\t\t<h4><a href=\"https:\/\/naturapack.net\/de\/portfolio-item\/pluriball-luftblasenfolie\/\" title=\"PLURIBALL (LUFTBLASENFOLIE)\">PLURIBALL (LUFTBLASENFOLIE)<\/a><\/h4>\n\t\t\t\t\t\t\t\t<span class=\"portfolio-subtitle\"><\/span>\n\t\t\t\t\t\t\t<\/div>\n\n\t\t\t\t\t\t\t\t\t\t  \n\t\t\t\t\t\n\t\t\t\t\t\t\n\t\t\t\t\t\t\n\t\t\t\t\t\n\t\t\t\t\t\t\t\t\t\t\t\t\t\t\n\t\t\t\t\t\t\t   \n\n\t\t\t\t\t\t\t<div class=\"term-nutzliches-fur-die-verpackung portfolio-item one-third column\">\n\t\t\t\t\t\t\t\t<div class=\"portfolio-image\"><a href=\"https:\/\/naturapack.net\/de\/portfolio-item\/bindeband-mit-zubehoer\/\" title=\"BINDEBAND MIT ZUBEH\u00d6R\"><div class=\"portfolio-image-img\"><img decoding=\"async\" src=\"https:\/\/naturapack.net\/wp-content\/uploads\/2019\/02\/DSC08830-600x400.jpg\" alt=\"BINDEBAND MIT ZUBEH\u00d6R\" \/><\/div><div class=\"portfolio-overlay overlay-icon\"><\/div><i class=\"icon-minti-plus\"><\/i><\/a><\/div>\n\t\t\t\t\t\t\t\t<h4><a href=\"https:\/\/naturapack.net\/de\/portfolio-item\/bindeband-mit-zubehoer\/\" title=\"BINDEBAND MIT ZUBEH\u00d6R\">BINDEBAND MIT ZUBEH\u00d6R<\/a><\/h4>\n\t\t\t\t\t\t\t\t<span class=\"portfolio-subtitle\"><\/span>\n\t\t\t\t\t\t\t<\/div>\n\n\t\t\t\t\t\t\t\t\t\t  \n\t\t\t\t\t\n\t\t\t\t\t\t\n\t\t\t\t\t\t\n\t\t\t\t\t\n\t\t\t\t\t\t\t\t\t\t\t\t\t\t\n\t\t\t\t\t\t\t   \n\n\t\t\t\t\t\t\t<div class=\"term-nutzliches-fur-die-verpackung portfolio-item one-third column\">\n\t\t\t\t\t\t\t\t<div class=\"portfolio-image\"><a href=\"https:\/\/naturapack.net\/de\/portfolio-item\/kantenschutzwinkel\/\" title=\"KANTENSCHUTZWINKEL\"><div class=\"portfolio-image-img\"><img decoding=\"async\" src=\"https:\/\/naturapack.net\/wp-content\/uploads\/2019\/02\/DSC08869-Bearbeitet-600x400.jpg\" alt=\"KANTENSCHUTZWINKEL\" \/><\/div><div class=\"portfolio-overlay overlay-icon\"><\/div><i class=\"icon-minti-plus\"><\/i><\/a><\/div>\n\t\t\t\t\t\t\t\t<h4><a href=\"https:\/\/naturapack.net\/de\/portfolio-item\/kantenschutzwinkel\/\" title=\"KANTENSCHUTZWINKEL\">KANTENSCHUTZWINKEL<\/a><\/h4>\n\t\t\t\t\t\t\t\t<span class=\"portfolio-subtitle\"><\/span>\n\t\t\t\t\t\t\t<\/div>\n\n\t\t\t\t\t\t\t\t\t\t  \n\t\t\t\t\t\n\t\t\t\t\t\t\n\t\t\t\t\t\t\n\t\t\t\t\t\n\t\t\t\t\t\t\t\t\t\t\t\t\t\t\n\t\t\t\t\t\t\t   \n\n\t\t\t\t\t\t\t<div class=\"term-nutzliches-fur-die-verpackung portfolio-item one-third column\">\n\t\t\t\t\t\t\t\t<div class=\"portfolio-image\"><a href=\"https:\/\/naturapack.net\/de\/portfolio-item\/saecke-mit-dazugehoerigem-staender\/\" title=\"S\u00c4CKE MIT DAZUGEH\u00d6RIGEM ST\u00c4NDER\"><div class=\"portfolio-image-img\"><img decoding=\"async\" src=\"https:\/\/naturapack.net\/wp-content\/uploads\/2019\/02\/DSC08856-Bearbeitet-600x400.jpg\" alt=\"S\u00c4CKE MIT DAZUGEH\u00d6RIGEM ST\u00c4NDER\" \/><\/div><div class=\"portfolio-overlay overlay-icon\"><\/div><i class=\"icon-minti-plus\"><\/i><\/a><\/div>\n\t\t\t\t\t\t\t\t<h4><a href=\"https:\/\/naturapack.net\/de\/portfolio-item\/saecke-mit-dazugehoerigem-staender\/\" title=\"S\u00c4CKE MIT DAZUGEH\u00d6RIGEM ST\u00c4NDER\">S\u00c4CKE MIT DAZUGEH\u00d6RIGEM ST\u00c4NDER<\/a><\/h4>\n\t\t\t\t\t\t\t\t<span class=\"portfolio-subtitle\"><\/span>\n\t\t\t\t\t\t\t<\/div>\n\n\t\t\t\t\t\t\t\t\t\t  \n\t\t\t\t\t\n\t\t\t\t\t\t\n\t\t\t\t\t\t\n\t\t\t\t\t\n\t\t\t\t\t\t\t\t\t\t\t\t\t\t\n\t\t\t\t\t\t\t   \n\n\t\t\t\t\t\t\t<div class=\"term-nutzliches-fur-die-verpackung portfolio-item one-third column\">\n\t\t\t\t\t\t\t\t<div class=\"portfolio-image\"><a href=\"https:\/\/naturapack.net\/de\/portfolio-item\/klebestreifen\/\" title=\"KLEBESTREIFEN\"><div class=\"portfolio-image-img\"><img decoding=\"async\" src=\"https:\/\/naturapack.net\/wp-content\/uploads\/2019\/02\/DSC08740-Bearbeitet-2-600x400.jpg\" alt=\"KLEBESTREIFEN\" \/><\/div><div class=\"portfolio-overlay overlay-icon\"><\/div><i class=\"icon-minti-plus\"><\/i><\/a><\/div>\n\t\t\t\t\t\t\t\t<h4><a href=\"https:\/\/naturapack.net\/de\/portfolio-item\/klebestreifen\/\" title=\"KLEBESTREIFEN\">KLEBESTREIFEN<\/a><\/h4>\n\t\t\t\t\t\t\t\t<span class=\"portfolio-subtitle\"><\/span>\n\t\t\t\t\t\t\t<\/div>\n\n\t\t\t\t\t\t\t\t\t\t  \n\t\t\t\t\t\t\t\t\t<\/div>\n\n\t\t\t<\/div>\n\t\n\t<\/div>\n\t\t\n\t\t\n\t[\/vc_column][\/vc_row]<\/p>\n","protected":false},"excerpt":{"rendered":"<p>[vc_row type=&#8220;full_width_section&#8220; bg_color=&#8220;#f99d0d&#8220; text_color=&#8220;light&#8220; text_align=&#8220;center&#8220; top_padding=&#8220;50&#8243; bottom_padding=&#8220;50&#8243;][vc_column width=&#8220;1\/1&#8243;][\/vc_column][\/vc_row][vc_row top_padding=&#8220;30&#8243;][vc_column width=&#8220;1\/1&#8243;][\/vc_column][\/vc_row]<\/p>\n","protected":false},"author":1,"featured_media":0,"parent":0,"menu_order":0,"comment_status":"closed","ping_status":"closed","template":"","meta":{"_bbp_topic_count":0,"_bbp_reply_count":0,"_bbp_total_topic_count":0,"_bbp_total_reply_count":0,"_bbp_voice_count":0,"_bbp_anonymous_reply_count":0,"_bbp_topic_count_hidden":0,"_bbp_reply_count_hidden":0,"_bbp_forum_subforum_count":0,"footnotes":""},"_links":{"self":[{"href":"https:\/\/naturapack.net\/de\/wp-json\/wp\/v2\/pages\/18310"}],"collection":[{"href":"https:\/\/naturapack.net\/de\/wp-json\/wp\/v2\/pages"}],"about":[{"href":"https:\/\/naturapack.net\/de\/wp-json\/wp\/v2\/types\/page"}],"author":[{"embeddable":true,"href":"https:\/\/naturapack.net\/de\/wp-json\/wp\/v2\/users\/1"}],"replies":[{"embeddable":true,"href":"https:\/\/naturapack.net\/de\/wp-json\/wp\/v2\/comments?post=18310"}],"version-history":[{"count":0,"href":"https:\/\/naturapack.net\/de\/wp-json\/wp\/v2\/pages\/18310\/revisions"}],"wp:attachment":[{"href":"https:\/\/naturapack.net\/de\/wp-json\/wp\/v2\/media?parent=18310"}],"curies":[{"name":"wp","href":"https:\/\/api.w.org\/{rel}","templated":true}]}}